{"id":10404,"date":"2025-04-10T11:55:30","date_gmt":"2025-04-10T11:55:30","guid":{"rendered":"https:\/\/www.claraboia.coop\/aftermovie\/"},"modified":"2026-02-09T22:03:01","modified_gmt":"2026-02-09T22:03:01","slug":"aftermovie","status":"publish","type":"page","link":"https:\/\/www.claraboia.coop\/es\/aftermovie\/","title":{"rendered":"Aftermovie"},"content":{"rendered":"<div class=\"wpb-content-wrapper\"><p>[vc_row full_width=\u00bbstretch_row\u00bb content_placement=\u00bbbottom\u00bb parallax=\u00bbcontent-moving\u00bb parallax_image=\u00bb9479&#8243; css=\u00bb.vc_custom_1744199499887{background-color: #3BB6B9 !important;}\u00bb][vc_column][vc_empty_space height=\u00bb12vw\u00bb][vc_column_text css=\u00bb\u00bb el_class=\u00bb.text-en-blanc\u00bb]<\/p>\n<h1 style=\"text-align: center;\">Aftermovie<\/h1>\n<p style=\"text-align: center;\">Reportaje audiovisual que resume, en muy pocos minutos, los momentos claves de cualquier evento.<\/p>\n<p>[\/vc_column_text][vc_empty_space height=\u00bb7vw\u00bb][\/vc_column][\/vc_row][vc_row full_width=\u00bbstretch_row\u00bb css=\u00bb.vc_custom_1746458537266{border-bottom-width: 1rem !important;padding-top: 1rem !important;background-color: #FFFFFF73 !important;}\u00bb][vc_column][vc_column_text css=\u00bb\u00bb]<\/p>\n<h2 style=\"text-align: center;\">Transforma tu evento en un recuerdo imborrable<\/h2>\n<p style=\"text-align: center;\">Reportajes y aftermovies profesionales para empresas e instituciones p\u00fablicas en Barcelona y Girona. Capturamos la esencia de sus actos con v\u00eddeos impactantes y din\u00e1micos, pensados \u200b\u200bpara comunicar, emocionar y difundir. As\u00ed, hacemos visible el \u00e9xito de su evento con calidad cinematogr\u00e1fica y un relato que conecta con su p\u00fablico.<\/p>\n<p>[\/vc_column_text][vc_row_inner][vc_column_inner width=\u00bb1\/3&#8243;][vc_btn title=\u00bb\u00bfQu\u00e9 precio tiene?\u00bb style=\u00bb3d\u00bb shape=\u00bbround\u00bb color=\u00bbsuccess\u00bb size=\u00bblg\u00bb align=\u00bbcenter\u00bb i_icon_fontawesome=\u00bbfa fa-solid fa-money-bill-wave\u00bb css=\u00bb\u00bb add_icon=\u00bbtrue\u00bb link=\u00bburl:%23comhofem\u00bb][\/vc_column_inner][vc_column_inner width=\u00bb1\/3&#8243;][vc_btn title=\u00bbVer ejemplos\u00bb style=\u00bb3d\u00bb shape=\u00bbround\u00bb color=\u00bbsuccess\u00bb size=\u00bblg\u00bb align=\u00bbcenter\u00bb i_icon_fontawesome=\u00bbfa fa-solid fa-eye\u00bb css=\u00bb\u00bb add_icon=\u00bbtrue\u00bb link=\u00bburl:%23exemples\u00bb][\/vc_column_inner][vc_column_inner width=\u00bb1\/3&#8243;][vc_btn title=\u00bb\u00a1P\u00eddenos presupuesto!\u00bb style=\u00bb3d\u00bb shape=\u00bbround\u00bb color=\u00bbsuccess\u00bb size=\u00bblg\u00bb align=\u00bbcenter\u00bb i_icon_fontawesome=\u00bbfa fa-solid fa-pen-nib\u00bb css=\u00bb\u00bb add_icon=\u00bbtrue\u00bb link=\u00bburl:%23contacte\u00bb][\/vc_column_inner][\/vc_row_inner][\/vc_column][\/vc_row][vc_row full_width=\u00bbstretch_row_content\u00bb css=\u00bb.vc_custom_1759339403279{margin-top: 2rem !important;padding-bottom: 1rem !important;}\u00bb][vc_column el_class=\u00bbtextnegre\u00bb][vc_column_text css=\u00bb\u00bb]<\/p>\n<h2 style=\"text-align: center;\">\u00bfPor qu\u00e9 hacer un aftermovie?<\/h2>\n<p>[\/vc_column_text][vc_row_inner container_type=\u00bbfluid\u00bb css=\u00bb.vc_custom_1759339393677{margin-right: 1rem !important;margin-left: 1rem !important;}\u00bb][vc_column_inner width=\u00bb3\/12&#8243;][vc_single_image image=\u00bb9465&#8243; img_size=\u00bbfull\u00bb style=\u00bbvc_box_circle_2&#8243; css=\u00bb\u00bb][vc_column_text css=\u00bb\u00bb]<\/p>\n<h4 style=\"texto-align: center;\"><strong>Un buen resumen del acto<\/strong><\/h4>\n<p style=\"text-align: center;\">Es el recurso m\u00e1s efectivo para capturar la esencia del evento y mostrar su impacto a patrocinadoras e instituciones. En resumen, una herramienta de comunicaci\u00f3n potente y directa.<\/p>\n<p>[\/vc_column_text][\/vc_column_inner][vc_column_inner width=\u00bb3\/12&#8243;][vc_single_image image=\u00bb9470&#8243; img_size=\u00bbfull\u00bb style=\u00bbvc_box_circle_2&#8243; css=\u00bb\u00bb][vc_column_text css=\u00bb\u00bb]<\/p>\n<h4 style=\"text-align: center;\">Multiplica el alcance<\/h4>\n<p style=\"text-align: center;\">Por ejemplo, es ideal para difundir en LinkedIn, Instagram, TikTok o YouTube y mantener viva la repercusi\u00f3n incluso despu\u00e9s del evento. \u00bfQui\u00e9n sabe? Quiz\u00e1, incluso, animamos a futuras asistentes.<\/p>\n<p>[\/vc_column_text][\/vc_column_inner][vc_column_inner width=\u00bb3\/12&#8243;][vc_single_image image=\u00bb9448&#8243; img_size=\u00bbfull\u00bb style=\u00bbvc_box_circle_2&#8243; css=\u00bb\u00bb][vc_column_text css=\u00bb\u00bb]<\/p>\n<h4 style=\"text-align: center;\">Todo un reconocimiento<\/h4>\n<p style=\"text-align: center;\">A las participantes, asistentes, ponentes\u2026 En definitiva, todo el mundo se ve reflejado y valorado. Esto, sin duda, crea comunidad.<\/p>\n<p>[\/vc_column_text][\/vc_column_inner][vc_column_inner width=\u00bb3\/12&#8243;][vc_single_image image=\u00bb9462&#8243; img_size=\u00bbfull\u00bb style=\u00bbvc_box_circle_2&#8243; css=\u00bb\u00bb][vc_column_text css=\u00bb\u00bb]<\/p>\n<h4 style=\"text-align: center;\">Deja huella emocional<\/h4>\n<p style=\"text-align: center;\">Un buen aftermovie emociona, inspira y perdura como un recuerdo para revivir una y otra vez. Es decir, transforma la experiencia vivida en memoria colectiva.<\/p>\n<p>[\/vc_column_text][\/vc_column_inner][\/vc_row_inner][\/vc_column][\/vc_row][vc_row full_width=\u00bbstretch_row\u00bb css=\u00bb.vc_custom_1746458170048{background-color: #A7459082 !important;}\u00bb][vc_column][vc_column_text css=\u00bb\u00bb]<\/p>\n<h2 class=\"heading-caixa\">Nuestras clientes<\/h2>\n<p>[\/vc_column_text][vc_row_inner css=\u00bb.vc_custom_1746457646229{margin-left: 1rem !important;padding-top: 1rem !important;padding-right: 1rem !important;padding-bottom: 1rem !important;padding-left: 1rem !important;}\u00bb el_class=\u00bb.text-en-blanc\u00bb][vc_column_inner width=\u00bb1\/4&#8243;][vc_single_image image=\u00bb8278&#8243; img_size=\u00bbfull\u00bb add_caption=\u00bbyes\u00bb alignment=\u00bbcenter\u00bb css=\u00bb\u00bb][vc_single_image image=\u00bb8312&#8243; img_size=\u00bbfull\u00bb add_caption=\u00bbyes\u00bb alignment=\u00bbcenter\u00bb css=\u00bb\u00bb][\/vc_column_inner][vc_column_inner width=\u00bb1\/4&#8243;][vc_single_image image=\u00bb8596&#8243; img_size=\u00bbfull\u00bb add_caption=\u00bbyes\u00bb alignment=\u00bbcenter\u00bb css=\u00bb\u00bb][vc_single_image image=\u00bb8297&#8243; img_size=\u00bbfull\u00bb add_caption=\u00bbyes\u00bb alignment=\u00bbcenter\u00bb css=\u00bb\u00bb][\/vc_column_inner][vc_column_inner width=\u00bb1\/4&#8243;][vc_single_image image=\u00bb8315&#8243; img_size=\u00bbfull\u00bb add_caption=\u00bbyes\u00bb alignment=\u00bbcenter\u00bb css=\u00bb\u00bb][vc_single_image image=\u00bb8333&#8243; img_size=\u00bbfull\u00bb add_caption=\u00bbyes\u00bb alignment=\u00bbcenter\u00bb css=\u00bb\u00bb][\/vc_column_inner][vc_column_inner width=\u00bb1\/4&#8243;][vc_single_image image=\u00bb8305&#8243; img_size=\u00bbfull\u00bb add_caption=\u00bbyes\u00bb alignment=\u00bbcenter\u00bb css=\u00bb\u00bb][\/vc_column_inner][\/vc_row_inner][\/vc_column][\/vc_row][vc_row full_width=\u00bbstretch_row\u00bb css=\u00bb.vc_custom_1746458194022{margin-top: 2rem !important;margin-bottom: 1rem !important;}\u00bb el_id=\u00bbcomhofem\u00bb][vc_column el_class=\u00bbtextnegre\u00bb][vc_column_text css=\u00bb\u00bb]<\/p>\n<h2>\u00bfC\u00f3mo lo hacemos?<\/h2>\n<p>[\/vc_column_text][vc_column_text css=\u00bb.vc_custom_1767815318020{margin-top: 1rem !important;}\u00bb]Negociamos la cantidad de d\u00edas u horas del rodaje y las herramientas que utilizaremos. Por ejemplo: \u00bfhar\u00e1 falta un dron? \u00bfVamos a montar un peque\u00f1o set para hacer entrevistas? \u00bfPodemos realizar alg\u00fan timelapse? \u00bfQueremos diferentes versiones del v\u00eddeo? Adem\u00e1s, \u00bfse deber\u00e1 subtitular? \u00bfQuerremos tambi\u00e9n fotograf\u00edas?<\/p>\n<p>Todo, cada proyecto es \u00fanico y diferente. Sin embargo, habitualmente trabajamos con estos factores, que condicionan el proyecto presupuestariamente.[\/vc_column_text][vc_row_inner][vc_column_inner width=\u00bb1\/2&#8243;][vc_column_text css=\u00bb\u00bb]<\/p>\n<ul>\n<li>N\u00famero de t\u00e9cnicas y operadoras<\/li>\n<li>Jornadas de grabaci\u00f3n<\/li>\n<li>Equipamiento t\u00e9cnico<\/li>\n<\/ul>\n<p>[\/vc_column_text][\/vc_column_inner][vc_column_inner width=\u00bb1\/2&#8243;][vc_column_text css=\u00bb\u00bb]<\/p>\n<ul>\n<li>Dietas y desplazamientos<\/li>\n<li>Transcripci\u00f3n, traducci\u00f3n y subtitulado<\/li>\n<li>Versiones adaptadas para cada RRSS<\/li>\n<\/ul>\n<p>[\/vc_column_text][\/vc_column_inner][\/vc_row_inner][vc_btn title=\u00bbParlem-ne!\u00bb style=\u00bb3d\u00bb shape=\u00bbround\u00bb color=\u00bbsuccess\u00bb size=\u00bblg\u00bb align=\u00bbcenter\u00bb i_icon_fontawesome=\u00bbfa fa-solid fa-phone-volume\u00bb css=\u00bb\u00bb add_icon=\u00bbtrue\u00bb link=\u00bburl:%23contacte|title:Parlem-ne!\u00bb][\/vc_column][\/vc_row][vc_row full_width=\u00bbstretch_row_content_no_spaces\u00bb el_id=\u00bbexemples\u00bb][vc_column el_class=\u00bbtextnegre\u00bb][vc_column_text css=\u00bb\u00bb el_class=\u00bbtext-centrat\u00bb]<\/p>\n<h2 class=\"heading-caixa\">Nuestros \u00faltimos trabajos<\/h2>\n<p>[\/vc_column_text][lab_portfolio_items category_filter=\u00bbno\u00bb portfolio_type=\u00bbtype-2&#8243; portfolio_spacing=\u00bbno\u00bb more_link=\u00bburl:http%3A%2F%2Fwww.claraboia.coop%2F%3Fportfolio_category%3Dportfolio|||\u00bb portfolio_query=\u00bbsize:9|order_by:date|order:DESC|post_type:portfolio|tax_query:206&#8243;][vc_btn title=\u00bbVer el portfolio\u00bb style=\u00bb3d\u00bb shape=\u00bbround\u00bb color=\u00bbsuccess\u00bb size=\u00bblg\u00bb align=\u00bbcenter\u00bb i_icon_fontawesome=\u00bbfa fa-solid fa-folder-open\u00bb css=\u00bb\u00bb add_icon=\u00bbtrue\u00bb link=\u00bburl:https%3A%2F%2Fwww.claraboia.coop%2Fes%2Fportfoli%2Faftermovie-es%2F|title:Ver%20todo\u00bb][\/vc_column][\/vc_row][vc_row full_width=\u00bbstretch_row\u00bb css=\u00bb.vc_custom_1746458077955{margin-top: 2rem !important;margin-bottom: 1rem !important;}\u00bb][vc_column el_class=\u00bbtextnegre\u00bb][vc_column_text css=\u00bb\u00bb]<\/p>\n<h2>\u00bfAlgo m\u00e1s?<\/h2>\n<p>[\/vc_column_text][vc_column_text css=\u00bb.vc_custom_1767815435693{margin-top: 1rem !important;}\u00bb]Aparte de esto, podemos ofrecerte muchos m\u00e1s servicios para su evento. Aqu\u00ed tienes algunas propuestas, pero si te surge cualquier otra necesidad, no dudes en contactar con nosotros. En resumen, estamos aqu\u00ed para hac\u00e9rtelo f\u00e1cil y memorable.[\/vc_column_text][vc_row_inner][vc_column_inner width=\u00bb1\/2&#8243;][vc_btn title=\u00bbStreaming\u00bb style=\u00bb3d\u00bb shape=\u00bbround\u00bb color=\u00bbsuccess\u00bb size=\u00bblg\u00bb align=\u00bbcenter\u00bb i_icon_fontawesome=\u00bbfa fa-solid fa-wifi\u00bb css=\u00bb\u00bb button_block=\u00bbtrue\u00bb add_icon=\u00bbtrue\u00bb link=\u00bburl:https%3A%2F%2Fwww.claraboia.coop%2Fes%2Fstreaming%2F|title:Streaming\u00bb][\/vc_column_inner][vc_column_inner width=\u00bb1\/2&#8243;][vc_btn title=\u00bbFotograf\u00eda\u00bb style=\u00bb3d\u00bb shape=\u00bbround\u00bb color=\u00bbsuccess\u00bb size=\u00bblg\u00bb align=\u00bbcenter\u00bb i_icon_fontawesome=\u00bbfa fa-solid fa-camera\u00bb css=\u00bb\u00bb button_block=\u00bbtrue\u00bb add_icon=\u00bbtrue\u00bb link=\u00bburl:https%3A%2F%2Fwww.claraboia.coop%2Fes%2Fproductora%2F%23foto|title:Fotograf%C3%ADa\u00bb][\/vc_column_inner][\/vc_row_inner][vc_video link=\u00bbhttps:\/\/vimeo.com\/35651219&#8243; css=\u00bb\u00bb][\/vc_column][\/vc_row][vc_row full_width=\u00bbstretch_row_content_no_spaces\u00bb css=\u00bb.vc_custom_1770586355685{padding-top: 1rem !important;background-color: #2d2d2d !important;}\u00bb el_id=\u00bbcontacte\u00bb][vc_column width=\u00bb1\/2&#8243; css=\u00bb.vc_custom_1770586185329{padding-top: 2rem !important;padding-right: 2rem !important;padding-left: 2rem !important;}\u00bb][vc_column_text css=\u00bb\u00bb el_class=\u00bb.text-en-blanc\u00bb]<\/p>\n<h3>\u00bfQuieres saber m\u00e1s o tienes alguna duda?<\/h3>\n<p>Estaremos encantadas de leerte. Rellena el formulario y te responderemos tan pronto como nos sea posible. Te acompa\u00f1aremos en todo el proceso para ofrecerte la mejor soluci\u00f3n adaptada a tus necesidades.[\/vc_column_text][vc_row_inner container_type=\u00bbfluid\u00bb equal_height=\u00bbyes\u00bb content_placement=\u00bbtop\u00bb gap=\u00bb10&#8243; css=\u00bb.vc_custom_1770586454986{padding-right: 2rem !important;padding-left: 2rem !important;}\u00bb][vc_column_inner width=\u00bb1\/2&#8243;][vc_text_separator title=\u00bb\u00bb i_icon_fontawesome=\u00bbfa fa-solid fa-phone-volume\u00bb i_color=\u00bbcustom\u00bb css=\u00bb.vc_custom_1746516313114{margin-bottom: 0px !important;border-bottom-width: 0px !important;padding-bottom: 0px !important;}\u00bb add_icon=\u00bbtrue\u00bb i_custom_color=\u00bb#3bb6b9&#8243;][vc_column_text css=\u00bb\u00bb el_class=\u00bb.interlineado-home\u00bb]<\/p>\n<p style=\"text-align: center;\"><a href=\"tel:+34931884016\">931884016<\/a><br \/>\n<a href=\"https:\/\/web.whatsapp.com\/send?phone=34658864896&amp;text=Truqueu-me\" target=\"_blank\" rel=\"noopener noreferrer\">658864896 (Whatsapp)<\/a><\/p>\n<p>[\/vc_column_text][\/vc_column_inner][vc_column_inner width=\u00bb1\/2&#8243;][vc_text_separator title=\u00bb\u00bb i_icon_fontawesome=\u00bbfa fa-regular fa-envelope\u00bb i_color=\u00bbcustom\u00bb css=\u00bb.vc_custom_1746516304362{margin-bottom: 0px !important;border-bottom-width: 0px !important;padding-bottom: 0px !important;}\u00bb add_icon=\u00bbtrue\u00bb i_custom_color=\u00bb#3bb6b9&#8243;][vc_column_text css=\u00bb.vc_custom_1746516170412{margin-top: 0px !important;border-top-width: 0px !important;padding-top: 0px !important;}\u00bb el_class=\u00bb.interlineado-home\u00bb]<\/p>\n<p style=\"text-align: center;\"><a href=\"mailto:info@claraboia.coop\">info(a)claraboia.coop<\/a><\/p>\n<p>[\/vc_column_text][\/vc_column_inner][\/vc_row_inner][\/vc_column][vc_column width=\u00bb1\/2&#8243; css=\u00bb.vc_custom_1770586170121{padding-top: 2rem !important;padding-right: 2rem !important;padding-bottom: 2rem !important;padding-left: 2rem !important;}\u00bb][lab_contact_form name_title=\u00bbNombre\u00bb email_title=\u00bbCorreo electr\u00f3nico\u00bb message_title=\u00bbMensaje\u00bb show_subject_field=\u00bb\u00bb submit_title=\u00bbEnviar\u00bb submit_success=\u00bb\u00a1Mensaje recibido!\u00bb alert_errors=\u00bb\u00bb enable_recaptcha=\u00bbyes\u00bb el_class=\u00bb.text_en_blanc\u00bb privacy_policy_text=\u00bb#E-8_VXRpbGl6YW5kbyUyMGVzdGUlMjBmb3JtdWxhcmlvJTIwZGFtb3MlMjBwb3IlMjBzZW50YWRvJTIwcXVlJTIwaGFzJTIwbGUlQzMlQURkbyUyMHklMjBhY2VwdGFkbyUyMG51ZXN0cmElMjAlM0NhJTIwaHJlZiUzRCUyN2h0dHBzJTNBJTJGJTJGd3d3LmNsYXJhYm9pYS5jb29wJTJGZXMlMkZhdmlzby1sZWdhbCUyRiUyNyUyMHRhcmdldCUzRCUyN19ibGFuayUyNyUzRVBvbCVDMyVBRHRpY2ElMjBkZSUyMFByaXZhY2lkYWQlM0MlMkZhJTNFLg==\u00bb email_receiver=\u00bbclaraboia@claraboia.net\u00bb][\/vc_column][\/vc_row]<\/p>\n<\/div>","protected":false},"excerpt":{"rendered":"<p>[vc_row full_width=\u00bbstretch_row\u00bb content_placement=\u00bbbottom\u00bb parallax=\u00bbcontent-moving\u00bb parallax_image=\u00bb9479&#8243; css=\u00bb.vc_custom_1744199499887{background-color: #3BB6B9 !important;}\u00bb][vc_column][vc_empty_space height=\u00bb12vw\u00bb][vc_column_text css=\u00bb\u00bb el_class=\u00bb.text-en-blanc\u00bb] Aftermovie Reportaje audiovisual que resume, en muy pocos minutos, los momentos claves de cualquier evento. [\/vc_column_text][vc_empty_space height=\u00bb7vw\u00bb][\/vc_column][\/vc_row][vc_row full_width=\u00bbstretch_row\u00bb css=\u00bb.vc_custom_1746458537266{border-bottom-width: 1rem !important;padding-top: 1rem !important;background-color: #FFFFFF73 !important;}\u00bb][vc_column][vc_column_text css=\u00bb\u00bb] Transforma tu evento en un recuerdo imborrable Reportajes y aftermovies profesionales para empresas e instituciones p\u00fablicas en Barcelona&hellip;<\/p>\n","protected":false},"author":1,"featured_media":0,"parent":0,"menu_order":0,"comment_status":"closed","ping_status":"closed","template":"","meta":{"_acf_changed":false,"footnotes":""},"class_list":["post-10404","page","type-page","status-publish","hentry"],"acf":[],"yoast_head":"<!-- This site is optimized with the Yoast SEO plugin v25.1 - https:\/\/yoast.com\/wordpress\/plugins\/seo\/ -->\n<title>CLARABOIA Som la cooperativa del v\u00eddeo | Aftermovie<\/title>\n<meta name=\"description\" content=\"Capturem l\u2019ess\u00e8ncia dels vostres actes amb v\u00eddeos impactants, din\u00e0mics i pensats per comunicar, emocionar i difondre.\" \/>\n<meta name=\"robots\" content=\"index, follow, max-snippet:-1, max-image-preview:large, max-video-preview:-1\" \/>\n<link rel=\"canonical\" href=\"https:\/\/www.claraboia.coop\/es\/aftermovie\/\" \/>\n<meta property=\"og:locale\" content=\"es_ES\" \/>\n<meta property=\"og:type\" content=\"article\" \/>\n<meta property=\"og:title\" content=\"CLARABOIA Som la cooperativa del v\u00eddeo | Aftermovie\" \/>\n<meta property=\"og:description\" content=\"Capturem l\u2019ess\u00e8ncia dels vostres actes amb v\u00eddeos impactants, din\u00e0mics i pensats per comunicar, emocionar i difondre.\" \/>\n<meta property=\"og:url\" content=\"https:\/\/www.claraboia.coop\/es\/aftermovie\/\" \/>\n<meta property=\"og:site_name\" content=\"CLARABOIA Som la cooperativa del v\u00eddeo\" \/>\n<meta property=\"article:publisher\" content=\"https:\/\/www.facebook.com\/claraboiacoop\" \/>\n<meta property=\"article:modified_time\" content=\"2026-02-09T22:03:01+00:00\" \/>\n<meta name=\"twitter:card\" content=\"summary_large_image\" \/>\n<meta name=\"twitter:site\" content=\"@claraboiacoop\" \/>\n<meta name=\"twitter:label1\" content=\"Tiempo de lectura\" \/>\n\t<meta name=\"twitter:data1\" content=\"4 minutos\" \/>\n<script type=\"application\/ld+json\" class=\"yoast-schema-graph\">{\"@context\":\"https:\/\/schema.org\",\"@graph\":[{\"@type\":\"WebPage\",\"@id\":\"https:\/\/www.claraboia.coop\/es\/aftermovie\/\",\"url\":\"https:\/\/www.claraboia.coop\/es\/aftermovie\/\",\"name\":\"CLARABOIA Som la cooperativa del v\u00eddeo | Aftermovie\",\"isPartOf\":{\"@id\":\"https:\/\/www.claraboia.coop\/es\/#website\"},\"datePublished\":\"2025-04-10T11:55:30+00:00\",\"dateModified\":\"2026-02-09T22:03:01+00:00\",\"description\":\"Capturem l\u2019ess\u00e8ncia dels vostres actes amb v\u00eddeos impactants, din\u00e0mics i pensats per comunicar, emocionar i difondre.\",\"breadcrumb\":{\"@id\":\"https:\/\/www.claraboia.coop\/es\/aftermovie\/#breadcrumb\"},\"inLanguage\":\"es\",\"potentialAction\":[{\"@type\":\"ReadAction\",\"target\":[\"https:\/\/www.claraboia.coop\/es\/aftermovie\/\"]}]},{\"@type\":\"BreadcrumbList\",\"@id\":\"https:\/\/www.claraboia.coop\/es\/aftermovie\/#breadcrumb\",\"itemListElement\":[{\"@type\":\"ListItem\",\"position\":1,\"name\":\"Inici\",\"item\":\"https:\/\/www.claraboia.coop\/es\/\"},{\"@type\":\"ListItem\",\"position\":2,\"name\":\"Aftermovie\"}]},{\"@type\":\"WebSite\",\"@id\":\"https:\/\/www.claraboia.coop\/es\/#website\",\"url\":\"https:\/\/www.claraboia.coop\/es\/\",\"name\":\"CLARABOIA Som la cooperativa del v\u00eddeo | Productora Audiovisual | Barcelona | Matar\u00f3\",\"description\":\"Som la cooperativa del v\u00eddeo\",\"publisher\":{\"@id\":\"https:\/\/www.claraboia.coop\/es\/#organization\"},\"alternateName\":\"CLARABOIA Som la cooperativa del v\u00eddeo\",\"potentialAction\":[{\"@type\":\"SearchAction\",\"target\":{\"@type\":\"EntryPoint\",\"urlTemplate\":\"https:\/\/www.claraboia.coop\/es\/?s={search_term_string}\"},\"query-input\":{\"@type\":\"PropertyValueSpecification\",\"valueRequired\":true,\"valueName\":\"search_term_string\"}}],\"inLanguage\":\"es\"},{\"@type\":\"Organization\",\"@id\":\"https:\/\/www.claraboia.coop\/es\/#organization\",\"name\":\"CLARABOIA AUDIOVISUAL SCCL\",\"alternateName\":\"claraboiacoop\",\"url\":\"https:\/\/www.claraboia.coop\/es\/\",\"logo\":{\"@type\":\"ImageObject\",\"inLanguage\":\"es\",\"@id\":\"https:\/\/www.claraboia.coop\/es\/#\/schema\/logo\/image\/\",\"url\":\"https:\/\/www.claraboia.coop\/wp-content\/uploads\/2019\/02\/LOGO-HEADER.svg\",\"contentUrl\":\"https:\/\/www.claraboia.coop\/wp-content\/uploads\/2019\/02\/LOGO-HEADER.svg\",\"width\":1,\"height\":1,\"caption\":\"CLARABOIA AUDIOVISUAL SCCL\"},\"image\":{\"@id\":\"https:\/\/www.claraboia.coop\/es\/#\/schema\/logo\/image\/\"},\"sameAs\":[\"https:\/\/www.facebook.com\/claraboiacoop\",\"https:\/\/x.com\/claraboiacoop\",\"https:\/\/www.instagram.com\/claraboiacoop\",\"https:\/\/es.linkedin.com\/company\/claraboia-audiovisual-sccl\"]}]}<\/script>\n<!-- \/ Yoast SEO plugin. -->","yoast_head_json":{"title":"CLARABOIA Som la cooperativa del v\u00eddeo | Aftermovie","description":"Capturem l\u2019ess\u00e8ncia dels vostres actes amb v\u00eddeos impactants, din\u00e0mics i pensats per comunicar, emocionar i difondre.","robots":{"index":"index","follow":"follow","max-snippet":"max-snippet:-1","max-image-preview":"max-image-preview:large","max-video-preview":"max-video-preview:-1"},"canonical":"https:\/\/www.claraboia.coop\/es\/aftermovie\/","og_locale":"es_ES","og_type":"article","og_title":"CLARABOIA Som la cooperativa del v\u00eddeo | Aftermovie","og_description":"Capturem l\u2019ess\u00e8ncia dels vostres actes amb v\u00eddeos impactants, din\u00e0mics i pensats per comunicar, emocionar i difondre.","og_url":"https:\/\/www.claraboia.coop\/es\/aftermovie\/","og_site_name":"CLARABOIA Som la cooperativa del v\u00eddeo","article_publisher":"https:\/\/www.facebook.com\/claraboiacoop","article_modified_time":"2026-02-09T22:03:01+00:00","twitter_card":"summary_large_image","twitter_site":"@claraboiacoop","twitter_misc":{"Tiempo de lectura":"4 minutos"},"schema":{"@context":"https:\/\/schema.org","@graph":[{"@type":"WebPage","@id":"https:\/\/www.claraboia.coop\/es\/aftermovie\/","url":"https:\/\/www.claraboia.coop\/es\/aftermovie\/","name":"CLARABOIA Som la cooperativa del v\u00eddeo | Aftermovie","isPartOf":{"@id":"https:\/\/www.claraboia.coop\/es\/#website"},"datePublished":"2025-04-10T11:55:30+00:00","dateModified":"2026-02-09T22:03:01+00:00","description":"Capturem l\u2019ess\u00e8ncia dels vostres actes amb v\u00eddeos impactants, din\u00e0mics i pensats per comunicar, emocionar i difondre.","breadcrumb":{"@id":"https:\/\/www.claraboia.coop\/es\/aftermovie\/#breadcrumb"},"inLanguage":"es","potentialAction":[{"@type":"ReadAction","target":["https:\/\/www.claraboia.coop\/es\/aftermovie\/"]}]},{"@type":"BreadcrumbList","@id":"https:\/\/www.claraboia.coop\/es\/aftermovie\/#breadcrumb","itemListElement":[{"@type":"ListItem","position":1,"name":"Inici","item":"https:\/\/www.claraboia.coop\/es\/"},{"@type":"ListItem","position":2,"name":"Aftermovie"}]},{"@type":"WebSite","@id":"https:\/\/www.claraboia.coop\/es\/#website","url":"https:\/\/www.claraboia.coop\/es\/","name":"CLARABOIA Som la cooperativa del v\u00eddeo | Productora Audiovisual | Barcelona | Matar\u00f3","description":"Som la cooperativa del v\u00eddeo","publisher":{"@id":"https:\/\/www.claraboia.coop\/es\/#organization"},"alternateName":"CLARABOIA Som la cooperativa del v\u00eddeo","potentialAction":[{"@type":"SearchAction","target":{"@type":"EntryPoint","urlTemplate":"https:\/\/www.claraboia.coop\/es\/?s={search_term_string}"},"query-input":{"@type":"PropertyValueSpecification","valueRequired":true,"valueName":"search_term_string"}}],"inLanguage":"es"},{"@type":"Organization","@id":"https:\/\/www.claraboia.coop\/es\/#organization","name":"CLARABOIA AUDIOVISUAL SCCL","alternateName":"claraboiacoop","url":"https:\/\/www.claraboia.coop\/es\/","logo":{"@type":"ImageObject","inLanguage":"es","@id":"https:\/\/www.claraboia.coop\/es\/#\/schema\/logo\/image\/","url":"https:\/\/www.claraboia.coop\/wp-content\/uploads\/2019\/02\/LOGO-HEADER.svg","contentUrl":"https:\/\/www.claraboia.coop\/wp-content\/uploads\/2019\/02\/LOGO-HEADER.svg","width":1,"height":1,"caption":"CLARABOIA AUDIOVISUAL SCCL"},"image":{"@id":"https:\/\/www.claraboia.coop\/es\/#\/schema\/logo\/image\/"},"sameAs":["https:\/\/www.facebook.com\/claraboiacoop","https:\/\/x.com\/claraboiacoop","https:\/\/www.instagram.com\/claraboiacoop","https:\/\/es.linkedin.com\/company\/claraboia-audiovisual-sccl"]}]}},"_links":{"self":[{"href":"https:\/\/www.claraboia.coop\/es\/wp-json\/wp\/v2\/pages\/10404","targetHints":{"allow":["GET"]}}],"collection":[{"href":"https:\/\/www.claraboia.coop\/es\/wp-json\/wp\/v2\/pages"}],"about":[{"href":"https:\/\/www.claraboia.coop\/es\/wp-json\/wp\/v2\/types\/page"}],"author":[{"embeddable":true,"href":"https:\/\/www.claraboia.coop\/es\/wp-json\/wp\/v2\/users\/1"}],"replies":[{"embeddable":true,"href":"https:\/\/www.claraboia.coop\/es\/wp-json\/wp\/v2\/comments?post=10404"}],"version-history":[{"count":9,"href":"https:\/\/www.claraboia.coop\/es\/wp-json\/wp\/v2\/pages\/10404\/revisions"}],"predecessor-version":[{"id":10576,"href":"https:\/\/www.claraboia.coop\/es\/wp-json\/wp\/v2\/pages\/10404\/revisions\/10576"}],"wp:attachment":[{"href":"https:\/\/www.claraboia.coop\/es\/wp-json\/wp\/v2\/media?parent=10404"}],"curies":[{"name":"wp","href":"https:\/\/api.w.org\/{rel}","templated":true}]}}