{"id":10519,"date":"2026-01-09T23:11:42","date_gmt":"2026-01-09T23:11:42","guid":{"rendered":"https:\/\/www.claraboia.coop\/podcast\/"},"modified":"2026-02-09T21:27:06","modified_gmt":"2026-02-09T21:27:06","slug":"podcast","status":"publish","type":"page","link":"https:\/\/www.claraboia.coop\/es\/podcast\/","title":{"rendered":"Podcasting"},"content":{"rendered":"<div class=\"wpb-content-wrapper\"><p>[vc_row full_width=\u00bbstretch_row\u00bb content_placement=\u00bbmiddle\u00bb parallax=\u00bbcontent-moving\u00bb parallax_image=\u00bb10511&#8243; css=\u00bb.vc_custom_1770288821987{background-color: #3BB6B9 !important;}\u00bb][vc_column][vc_empty_space height=\u00bb12vw\u00bb][vc_column_text css=\u00bb\u00bb el_class=\u00bb.text-en-blanc\u00bb]<\/p>\n<h1 style=\"text-align: center;\">Podcasting<\/h1>\n<p style=\"text-align: center;\">Servicio y estudio de podcasting de audio y v\u00eddeo<\/p>\n<p>[\/vc_column_text][vc_empty_space height=\u00bb8vw\u00bb][\/vc_column][\/vc_row][vc_row full_width=\u00bbstretch_row\u00bb css=\u00bb.vc_custom_1746458537266{border-bottom-width: 1rem !important;padding-top: 1rem !important;background-color: #FFFFFF73 !important;}\u00bb][vc_column][vc_column_text css=\u00bb\u00bb]<\/p>\n<h2 style=\"text-align: center;\">\u00bfTienes una idea para un podcast?<\/h2>\n<p style=\"text-align: center;\">Gr\u00e1balo en un estudio profesional en Matar\u00f3.<br \/>\nTe ayudamos con la grabaci\u00f3n de v\u00eddeo y sonido.[\/vc_column_text][vc_row_inner][vc_column_inner][vc_btn title=\u00bb\u00a1Escr\u00edbenos y te explicamos c\u00f3mo empezar!\u00bb style=\u00bb3d\u00bb shape=\u00bbround\u00bb color=\u00bbsuccess\u00bb size=\u00bblg\u00bb align=\u00bbcenter\u00bb i_icon_fontawesome=\u00bbfa fa-solid fa-pen-nib\u00bb css=\u00bb\u00bb add_icon=\u00bbtrue\u00bb link=\u00bburl:%23contacte\u00bb][\/vc_column_inner][\/vc_row_inner][\/vc_column][\/vc_row][vc_row full_width=\u00bbstretch_row_content\u00bb full_height=\u00bbyes\u00bb columns_placement=\u00bbtop\u00bb css=\u00bb.vc_custom_1770209762419{margin-top: 0px !important;margin-bottom: 0px !important;}\u00bb el_id=\u00bbcomhofem\u00bb][vc_column parallax=\u00bbcontent-moving\u00bb parallax_image=\u00bb10514&#8243; width=\u00bb1\/6&#8243; el_class=\u00bbtextnegre\u00bb][vc_empty_space height=\u00bb200px\u00bb][\/vc_column][vc_column width=\u00bb2\/3&#8243; css=\u00bb.vc_custom_1770286162555{padding-top: 3rem !important;padding-right: 3rem !important;padding-left: 3rem !important;}\u00bb][vc_column_text css=\u00bb\u00bb]<\/p>\n<h2>Estudio compacto totalmente equipado<\/h2>\n<p>[\/vc_column_text][vc_row_inner container_type=\u00bbfluid\u00bb][vc_column_inner width=\u00bb1\/2&#8243;][vc_column_text css=\u00bb.vc_custom_1767956413400{margin-top: 1rem !important;}\u00bb]Contamos con un peque\u00f1o estudio profesional pensado para la grabaci\u00f3n de podcasts, entrevistas, presentaciones, formaci\u00f3n y contenidos para redes sociales como los carretes. El espacio est\u00e1 equipado con iluminaci\u00f3n profesional, micr\u00f3fonos de alta calidad y c\u00e1maras de difusi\u00f3n y rob\u00f3tica, que permiten una grabaci\u00f3n \u00e1gil y profesional.<\/p>\n<p>Tendr\u00e1s soporte t\u00e9cnico especializado para garantizar una grabaci\u00f3n fluida y de calidad.<br \/>\nTambi\u00e9n ofrecemos servicios adicionales de edici\u00f3n y postproducci\u00f3n para entregar el contenido listo para su difusi\u00f3n.[\/vc_column_text][\/vc_column_inner][vc_column_inner width=\u00bb1\/2&#8243;][vc_column_text css=\u00bb\u00bb]Equipo t\u00e9cnico<\/p>\n<ul>\n<li>Iluminaci\u00f3n profesional<\/li>\n<li>Micr\u00f3fonos de alta calidad, podcast, mano, corbata y diadema<\/li>\n<li>Teleprompter<\/li>\n<li>C\u00e1maras broadcast y robotizadas<\/li>\n<li>Mezcla\/realizaci\u00f3n de c\u00e1maras<\/li>\n<\/ul>\n<p>Escenograf\u00eda y espacio:<\/p>\n<ul>\n<li>Fondo blanco retroiluminable, configurable con cualquier color<\/li>\n<li>Fondo fotogr\u00e1fico para croma o negro<\/li>\n<li>Mesa redonda y sillas<\/li>\n<li>Pantalla para soporte visual<\/li>\n<\/ul>\n<p>[\/vc_column_text][\/vc_column_inner][\/vc_row_inner][vc_btn title=\u00bb\u00a1Habl\u00e9moslo!\u00bb style=\u00bb3d\u00bb shape=\u00bbround\u00bb color=\u00bbsuccess\u00bb size=\u00bblg\u00bb align=\u00bbcenter\u00bb i_icon_fontawesome=\u00bbfa fa-solid fa-phone-volume\u00bb css=\u00bb\u00bb add_icon=\u00bbtrue\u00bb link=\u00bburl:%23contacte|title:Parlem-ne!\u00bb][\/vc_column][vc_column parallax=\u00bbcontent-moving\u00bb parallax_image=\u00bb10490&#8243; width=\u00bb1\/6&#8243;][vc_empty_space height=\u00bb200px\u00bb][\/vc_column][\/vc_row][vc_row full_width=\u00bbstretch_row_content_no_spaces\u00bb full_height=\u00bbyes\u00bb parallax=\u00bbcontent-moving\u00bb parallax_image=\u00bb10496&#8243;][vc_column][vc_empty_space height=\u00bb500px\u00bb][\/vc_column][\/vc_row][vc_row full_width=\u00bbstretch_row_content\u00bb css=\u00bb.vc_custom_1770286325112{background-color: #FFFFFF73 !important;}\u00bb][vc_column][vc_column_text css=\u00bb\u00bb]<\/p>\n<h2 style=\"text-align: center;\">\u00a1Prueba nuestro PACK B\u00c1SICO!<\/h2>\n<p>[\/vc_column_text][vc_row_inner][vc_column_inner width=\u00bb1\/2&#8243;][vc_column_text css=\u00bb.vc_custom_1767957081948{margin-top: 1rem !important;}\u00bb]Disfruta de una sesi\u00f3n de 120 minutos que incluye la preproducci\u00f3n, grabaci\u00f3n y entrega de tu podcast.<\/p>\n<p>Te damos la grabaci\u00f3n en bruto, lista para la edici\u00f3n posterior.<\/p>\n<p>[\/vc_column_text][vc_column_text css=\u00bb.vc_custom_1770210391599{margin-top: 2rem !important;margin-bottom: 2rem !important;padding-top: 2rem !important;padding-bottom: 2rem !important;background-color: #FFFFFF !important;border-radius: 20px !important;}\u00bb]<\/p>\n<p style=\"text-align: center;\"><strong>Pack B\u00e1sico con pre-pago<\/strong><\/p>\n<p style=\"text-align: center; font-size: 5rem;\"><del style=\"color: red;\">48\u20ac <\/del><strong style=\"font-size: 5rem;\"> 40\u20ac<\/strong>\/hora<\/p>\n<p style=\"text-align: center;\"><small>20% de descuento hasta el 1 de abril de 2026<\/small><\/p>\n<p>[\/vc_column_text][vc_btn title=\u00bbContrata y Reserva el Pack B\u00e1sico\u00bb style=\u00bb3d\u00bb shape=\u00bbround\u00bb color=\u00bbsuccess\u00bb size=\u00bblg\u00bb align=\u00bbcenter\u00bb i_icon_fontawesome=\u00bbfa fa-solid fa-phone-volume\u00bb css=\u00bb\u00bb add_icon=\u00bbtrue\u00bb el_class=\u00bbopen-decision\u00bb][\/vc_column_inner][vc_column_inner width=\u00bb1\/2&#8243;][vc_single_image image=\u00bb10464&#8243; img_size=\u00bbfull\u00bb alignment=\u00bbright\u00bb css=\u00bb\u00bb][\/vc_column_inner][\/vc_row_inner][vc_raw_html css=\u00bb\u00bb]JTNDJTIxLS0lMjBPVkVSTEFZJTIwLS0lM0UlMEElM0NkaXYlMjBpZCUzRCUyMmRlY2lzaW9uLW92ZXJsYXklMjIlM0UlMEElMEElMjAlMjAlM0MlMjEtLSUyMFBPUFVQJTIwLS0lM0UlMEElMjAlMjAlM0NkaXYlMjBpZCUzRCUyMmRlY2lzaW9uLXBvcHVwJTIyJTNFJTBBJTBBJTNDYSUyMGhyZWYlM0QlMjIlMjMlMjIlMjBjbGFzcyUzRCUyMmNsb3NlLXBvcHVwJTIyJTIwb25jbGljayUzRCUyMmNsb3NlRGVjaXNpb25Qb3B1cCUyOCUyOSUzQiUyMHJldHVybiUyMGZhbHNlJTNCJTIyJTNFJTBBJTIwJTIwJTNDaSUyMGNsYXNzJTNEJTIyZmFzJTIwZmEtdGltZXMlMjIlM0UlM0MlMkZpJTNFJTBBJTNDJTJGYSUzRSUwQSUwQSUyMCUyMCUyMCUyMCUzQ2RpdiUyMGNsYXNzJTNEJTIyZGVjaXNpb24tYm94JTIyJTNFJTBBJTBBJTIwJTIwJTIwJTIwJTIwJTIwJTNDJTIxLS0lMjBQUkVHVU5UQSUyMDElMjAtLSUzRSUwQSUyMCUyMCUyMCUyMCUyMCUyMCUzQ2RpdiUyMGNsYXNzJTNEJTIyc3RlcCUyMGFjdGl2ZSUyMiUyMGlkJTNEJTIycTElMjIlM0UlMEElMjAlMjAlMjAlMjAlMjAlMjAlMjAlMjAlMjAlMjAlM0NoMyUzRSVDMiVCRlF1JUMzJUE5JTIwaW5jbHV5ZSUzRiUzQyUyRmgzJTNFJTBBJTIwJTIwJTIwJTIwJTIwJTIwJTIwJTIwJTNDcCUyMGNsYXNzJTNEJTIycXVlc3Rpb24lMjIlM0VFbiUyMGVzdGUlMjBwYWNrJTJDJTIwZWwlMjBlc3R1ZGlvJTIwZXN0JUMzJUExJTIwcHJlcGFyYWRvJTIwcGFyYSUyMGhhc3RhJTIwJTNDc3Ryb25nJTNFZmlucyUyMGElMjBkdWVzJTIwZG9zJTIwcGVyc29uYXMlM0MlMkZzdHJvbmclM0UlMkMlMjBjb24lM0ElM0MlMkZwJTNFJTBBJTNDdWwlM0UlM0NsaSUzRTElMjBDJUMzJUExbWFyYSUyMEJyb2FkY2FzdCUzQyUyRmxpJTNFJTNDbGklM0UyJTIwTWljciVDMyVCM2Zvbm9zJTIwcHJvZmVzaW9uYWxlcyUyMGRlJTIwcG9kY2FzdCUyMCUzQyUyRmxpJTNFJTBBJTNDbGklM0VNZXNhJTIweSUyMHNpbGxhcyUyMCUzQyUyRmxpJTNFJTBBJTNDbGklM0VQYW50YWxsYSUzQyUyRmxpJTNFJTBBJTNDbGklM0VGb25kbyUyMHJldHJvaWx1bWluYWRvJTIwY29uJTIwY29sb3IlMjBhJTIwZWxlZ2lyJTNDJTJGbGklM0UlMEElM0MlMkZ1bCUzRSUwQSUwQSUyMCUyMCUyMCUyMCUyMCUyMCUyMCUyMCUzQ3AlMjBjbGFzcyUzRCUyMnF1ZXN0aW9uJTIyJTNFJTNDc3Ryb25nJTNFJUMyJUJGTmVjZXNpdGFyJUMzJUExcyUyMGFsZ28lMjBtJUMzJUExcyUzRiUzQyUyRnN0cm9uZyUzRSUzQyUyRnAlM0UlMEElMjAlMjAlMjAlMjAlMjAlMjAlMjAlMjAlM0NidXR0b24lMjBvbmNsaWNrJTNEJTIyZ29ObyUyOCUyN3EyJTI3JTI5JTIyJTNFJTNDaSUyMGNsYXNzJTNEJTIyZmFzJTIwZmEtdGltZXMlMjIlM0UlM0MlMkZpJTNFJTIwTm8lM0MlMkZidXR0b24lM0UlMEElMjAlMjAlMjAlMjAlMjAlMjAlMjAlMjAlM0NidXR0b24lMjBvbmNsaWNrJTNEJTIyZ29ZZXMlMjglMjklMjIlM0UlM0NpJTIwY2xhc3MlM0QlMjJmYXMlMjBmYS1jaGVjayUyMiUzRSUzQyUyRmklM0UlMjBTJUMzJUFEJTNDJTJGYnV0dG9uJTNFJTBBJTIwJTIwJTIwJTIwJTIwJTIwJTNDJTJGZGl2JTNFJTBBJTBBJTIwJTIwJTIwJTIwJTIwJTIwJTNDJTIxLS0lMjBQUkVHVU5UQSUyMDIlMjAtLSUzRSUwQSUyMCUyMCUyMCUyMCUyMCUyMCUzQ2RpdiUyMGNsYXNzJTNEJTIyc3RlcCUyMiUyMGlkJTNEJTIycTIlMjIlM0UlM0NoMyUzRSVDMiVCRlF1JUMzJUE5JTIwY29udGVtcGxhJTNGJTNDJTJGaDMlM0UlMEElMjAlMjAlMjAlMjAlMjAlMjAlMjAlMjAlM0NwJTIwY2xhc3MlM0QlMjJxdWVzdGlvbiUyMiUzRSUzQ3N0cm9uZyUzRUVsJTIwc2VydmljaW8lMjBzZSUyMGZhY3R1cmElMjBwb3IlMjBob3JhcyUyQyUzQ2JyJTJGJTNFJTIwY29uJTIwdW4lMjBtJUMzJUFEbmltbyUyMGRlJTIwMiUyMGhvcmFzJTIwcG9yJTIwc2VzaSVDMyVCM24uJTNDJTJGc3Ryb25nJTNFJTBBJTNDYnIlM0VJbmNsdXllJTIwcmVjZXBjaSVDMyVCM24lMkMlMjBwcmVwYXJhY2klQzMlQjNuJTJDJTIwZW5zYXlvcyUyQyUyMGdyYWJhY2klQzMlQjNuJTIweSUyMGVudHJlZ2ElMjBkZSUyMGxhJTIwZ3JhYmFjaSVDMyVCM24lMjBlbiUyMGJydXRvJTIwZWwlMjBtaXNtbyUyMGQlQzMlQURhLiUzQ2JyJTNFJTBBJTBBJTNDc3Ryb25nJTNFJUMyJUJGRGVjbGFyYXMlMjBxdWUlMjBsbyUyMGNvbXByZW5kZXMlMjB5JTIwYWNlcHRhcyUzRiUzQyUyRnN0cm9uZyUzRSUzQyUyRnAlM0UlMEElMEElMjAlMjAlMjAlMjAlMjAlMjAlMjAlMjAlM0NidXR0b24lMjBvbmNsaWNrJTNEJTIyZ29ObyUyOCUyN3EzJTI3JTI5JTIyJTNFJTNDaSUyMGNsYXNzJTNEJTIyZmFzJTIwZmEtY2hlY2slMjIlM0UlM0MlMkZpJTNFJTIwUyVDMyVBRCUzQyUyRmJ1dHRvbiUzRSUwQSUyMCUyMCUyMCUyMCUyMCUyMCUyMCUyMCUzQ2J1dHRvbiUyMG9uY2xpY2slM0QlMjJnb1llcyUyOCUyOSUyMiUzRSUzQ2klMjBjbGFzcyUzRCUyMmZhcyUyMGZhLXRpbWVzJTIyJTNFJTNDJTJGaSUzRSUyME5vJTNDJTJGYnV0dG9uJTNFJTBBJTIwJTIwJTIwJTIwJTIwJTIwJTNDJTJGZGl2JTNFJTBBJTBBJTIwJTIwJTIwJTIwJTIwJTIwJTNDJTIxLS0lMjBQUkVHVU5UQSUyMDMlMjAtLSUzRSUwQSUyMCUyMCUyMCUyMCUyMCUyMCUzQ2RpdiUyMGNsYXNzJTNEJTIyc3RlcCUyMiUyMGlkJTNEJTIycTMlMjIlM0UlMEElM0NoMyUzRUNvbmRpY2lvbmVzJTNDJTJGaDMlM0UlMEElMjAlMjAlMjAlMjAlMjAlMjAlMjAlMjAlM0NwJTIwY2xhc3MlM0QlMjJxdWVzdGlvbiUyMiUzRSUwQUxhcyUyMGNhbmNlbGFjaW9uZXMlMjBjb24lMjBtZW5vcyUyMGRlJTIwJTNDYnIlMkYlM0UlM0NzdHJvbmclM0U0OCUyMGhvcmFzJTNDJTJGc3Ryb25nJTNFJTIwZGUlMjBhbnRlbGFjaSVDMyVCM24lMjBjb25sbGV2YW4lMjB1bmElMjAlM0NzdHJvbmclM0VwZW5hbGl6YWNpJUMzJUIzbiUyMGRlbCUyMDUwJTI1LiUzQyUyRnN0cm9uZyUzRS4lM0NiciUzRUVuJTIwY2FzbyUyMGRlJTIwcmV0cmFzbyUyQyUyMCUzQ3N0cm9uZyUzRWVsJTIwdGllbXBvJTIwc2UlMjBkZXNjb250YXIlQzMlQTElMjBkZSUyMGxhJTIwc2VzaSVDMyVCM24lMjBjb250cmF0YWRhLiUzQyUyRnN0cm9uZyUzRSUzQyUyRnAlM0UlMEElM0NwJTIwY2xhc3MlM0QlMjJxdWVzdGlvbiUyMiUzRSUzQ3N0cm9uZyUzRSVDMiVCRkRlY2xhcmFzJTIwcXVlJTIwbG8lMjBjb21wcmVuZGVzJTIweSUyMGFjZXB0YXMlM0YlM0MlMkZzdHJvbmclM0UlM0MlMkZwJTNFJTBBJTIwJTIwJTIwJTIwJTIwJTIwJTIwJTIwJTBBJTNDYnV0dG9uJTIwb25jbGljayUzRCUyMnJlZGlyZWN0U3VtdXAlMjglMjklMjIlM0UlM0NpJTIwY2xhc3MlM0QlMjJmYXMlMjBmYS1jaGVjayUyMiUzRSUzQyUyRmklM0UlMjBTJUMzJUFEJTJDJTIwdmFtb3MlMjBhJTIwbGElMjByZXNlcnZhJTIweSUyMHBhZ28lM0MlMkZidXR0b24lM0UlM0NidXR0b24lMjBvbmNsaWNrJTNEJTIyZ29ZZXMlMjglMjklMjIlM0UlM0NpJTIwY2xhc3MlM0QlMjJmYXMlMjBmYS10aW1lcyUyMiUzRSUzQyUyRmklM0UlMjBObyUzQyUyRmJ1dHRvbiUzRSUwQSUyMCUyMCUyMCUyMCUyMCUyMCUzQyUyRmRpdiUzRSUwQSUwQSUyMCUyMCUyMCUyMCUyMCUyMCUzQyUyMS0tJTIwRklOQUwlMjAtLSUzRSUwQSUyMCUyMCUyMCUyMCUyMCUyMCUzQ2RpdiUyMGNsYXNzJTNEJTIyc3RlcCUyMGZpbmFsJTIyJTIwaWQlM0QlMjJmaW5hbCUyMiUzRSUwQSUyMCUyMCUyMCUyMCUyMCUyMCUyMCUyMCUzQ2gzJTNFVmFqYSUyMSUzQyUyRmgzJTNFJTBBJTIwJTIwJTIwJTIwJTIwJTIwJTIwJTIwJTNDcCUzRVNpJTIwbmVjZXNpdGFzJTIwYWxnbyUyMG0lQzMlQTFzJTIwbyUyMGNvbmRpY2lvbmVzJTIwZXNwZWNpYWxlcyUyQyUyMGVzJTIwcG9zaWJsZSUyMHF1ZSUyMGVsJTIwUGFjayUyMEIlQzMlQTFzaWNvJTIwbm8lMjBzZSUyMGFkYXB0ZSUyMHBvciUyMGNvbXBsZXRvJTIwYSUyMHR1cyUyMG5lY2VzaWRhZGVzLiUwQUVudiVDMyVBRGFub3MlMjB1biUyMFdoYXRzQXBwJTIwbyUyMHVuJTIwbWVuc2FqZSUyMHklMjBoYWJsZW1vcy4lM0MlMkZwJTNFJTBBJTIwJTIwJTIwJTIwJTIwJTIwJTIwJTIwJTNDYnV0dG9uJTIwb25jbGljayUzRCUyMmNsb3NlRGVjaXNpb25Qb3B1cCUyOCUyOSUyMiUzRUNvbnRhY3RhciUzQyUyRmJ1dHRvbiUzRSUwQSUyMCUyMCUyMCUyMCUyMCUyMCUzQyUyRmRpdiUzRSUwQSUwQSUyMCUyMCUyMCUyMCUzQyUyRmRpdiUzRSUwQSUyMCUyMCUzQyUyRmRpdiUzRSUwQSUzQyUyRmRpdiUzRSUwQSUwQSUzQ3N0eWxlJTNFJTBBJTJGJTJBJTIwJTNEJTNEJTNEJTNEJTNEJTNEJTNEJTNEJTNEJTNEJTNEJTNEJTNEJTNEJTNEJTNEJTNEJTNEJTNEJTNEJTNEJTNEJTNEJTNEJTNEJTBBJTIwJTIwJTIwVkFSSUFCTEVTJTIwTE9DQUxFUyUyMFBPUFVQJTBBJTNEJTNEJTNEJTNEJTNEJTNEJTNEJTNEJTNEJTNEJTNEJTNEJTNEJTNEJTNEJTNEJTNEJTNEJTNEJTNEJTNEJTNEJTNEJTNEJTNEJTIwJTJBJTJGJTBBJTIzZGVjaXNpb24tb3ZlcmxheSUyMCU3QiUwQSUyMCUyMC0tY2xiLW1haW4lM0ElMjAlMjMzQkI2QjklM0IlMEElMjAlMjAtLWNsYi1tYWluLWRhcmslM0ElMjAlMjMyQzg0ODYlM0IlMEElMjAlMjAtLWNsYi1hbHQlM0ElMjAlMjNBNzQ1OTAlM0IlMEElMjAlMjAtLWNsYi1hbHQtZGFyayUzQSUyMCUyMzdDMzU2RSUzQiUwQSU3RCUwQSUwQSUyRiUyQSUyMCUzRCUzRCUzRCUzRCUzRCUzRCUzRCUzRCUzRCUzRCUzRCUzRCUzRCUzRCUzRCUzRCUzRCUzRCUzRCUzRCUzRCUzRCUzRCUzRCUzRCUwQSUyMCUyMCUyME9WRVJMQVklMEElM0QlM0QlM0QlM0QlM0QlM0QlM0QlM0QlM0QlM0QlM0QlM0QlM0QlM0QlM0QlM0QlM0QlM0QlM0QlM0QlM0QlM0QlM0QlM0QlM0QlMjAlMkElMkYlMEElMjNkZWNpc2lvbi1vdmVybGF5JTIwJTdCJTBBJTIwJTIwcG9zaXRpb24lM0ElMjBmaXhlZCUzQiUwQSUyMCUyMGluc2V0JTNBJTIwMCUzQiUwQSUyMCUyMGJhY2tncm91bmQlM0ElMjByZ2JhJTI4MCUyQzAlMkMwJTJDLjY1JTI5JTNCJTBBJTIwJTIwZGlzcGxheSUzQSUyMG5vbmUlM0IlMEElMjAlMjBhbGlnbi1pdGVtcyUzQSUyMGNlbnRlciUzQiUwQSUyMCUyMGp1c3RpZnktY29udGVudCUzQSUyMGNlbnRlciUzQiUwQSUyMCUyMHotaW5kZXglM0ElMjA5OTk5JTNCJTBBJTdEJTBBJTBBJTJGJTJBJTIwJTNEJTNEJTNEJTNEJTNEJTNEJTNEJTNEJTNEJTNEJTNEJTNEJTNEJTNEJTNEJTNEJTNEJTNEJTNEJTNEJTNEJTNEJTNEJTNEJTNEJTBBJTIwJTIwJTIwUE9QVVAlMjBDT05URU5FRE9SJTBBJTNEJTNEJTNEJTNEJTNEJTNEJTNEJTNEJTNEJTNEJTNEJTNEJTNEJTNEJTNEJTNEJTNEJTNEJTNEJTNEJTNEJTNEJTNEJTNEJTNEJTIwJTJBJTJGJTBBJTIzZGVjaXNpb24tcG9wdXAlMjAlN0IlMEElMjAlMjBiYWNrZ3JvdW5kJTNBJTIwJTIzZmZmJTNCJTBBJTIwJTIwbWF4LXdpZHRoJTNBJTIwNTIwcHglM0IlMEElMjAlMjB3aWR0aCUzQSUyMDkyJTI1JTNCJTBBJTIwJTIwcGFkZGluZyUzQSUyMDMycHglMjAyOHB4JTNCJTBBJTIwJTIwcG9zaXRpb24lM0ElMjByZWxhdGl2ZSUzQiUwQSUyMCUyMGJvcmRlci1yYWRpdXMlM0ElMjAxMnB4JTNCJTBBJTIwJTIwdGV4dC1hbGlnbiUzQSUyMGNlbnRlciUzQiUwQSUyMCUyMGJveC1zaGFkb3clM0ElMjAwJTIwMjBweCUyMDYwcHglMjByZ2JhJTI4MCUyQzAlMkMwJTJDLjI1JTI5JTNCJTBBJTIwJTIwYW5pbWF0aW9uJTNBJTIwcG9wdXBJbiUyMC4yNXMlMjBlYXNlJTNCJTBBJTdEJTBBJTIzZGVjaXNpb24tcG9wdXAlMjBsaSU3QiUwQSUyMCUyMCUyMCUyMHRleHQtYWxpZ24lM0FsZWZ0JTBBJTIwJTIwJTIwJTIwJTdEJTNCJTBBJTdEJTBBJTQwa2V5ZnJhbWVzJTIwcG9wdXBJbiUyMCU3QiUwQSUyMCUyMGZyb20lMjAlN0IlMjBvcGFjaXR5JTNBJTIwMCUzQiUyMHRyYW5zZm9ybSUzQSUyMHNjYWxlJTI4Ljk2JTI5JTNCJTIwJTdEJTBBJTIwJTIwdG8lMjAlN0IlMjBvcGFjaXR5JTNBJTIwMSUzQiUyMHRyYW5zZm9ybSUzQSUyMHNjYWxlJTI4MSUyOSUzQiUyMCU3RCUwQSU3RCUwQSUwQSUyRiUyQSUyMCUzRCUzRCUzRCUzRCUzRCUzRCUzRCUzRCUzRCUzRCUzRCUzRCUzRCUzRCUzRCUzRCUzRCUzRCUzRCUzRCUzRCUzRCUzRCUzRCUzRCUwQSUyMCUyMCUyMEJPVCVDMyU5M04lMjBDRVJSQVIlMEElM0QlM0QlM0QlM0QlM0QlM0QlM0QlM0QlM0QlM0QlM0QlM0QlM0QlM0QlM0QlM0QlM0QlM0QlM0QlM0QlM0QlM0QlM0QlM0QlM0QlMjAlMkElMkYlMEElMjNkZWNpc2lvbi1wb3B1cCUyMC5jbG9zZS1wb3B1cCUyMCU3QiUwQSUyMCUyMGZsb2F0JTNBJTIwcmlnaHQlM0IlMEElMjAlMjBmb250LXNpemUlM0ElMjAyMHB4JTNCJTBBJTIwJTIwY29sb3IlM0ElMjAlMjMwMDAlM0IlMEElMjAlMjB0ZXh0LWRlY29yYXRpb24lM0ElMjBub25lJTNCJTBBJTIwJTIwdHJhbnNpdGlvbiUzQSUyMGNvbG9yJTIwLjE1cyUyMGVhc2UlM0IlMEElMjAlMjBiYWNrZ3JvdW5kJTNBbm9uZSUzQiUwQSU3RCUwQSUwQSUyM2RlY2lzaW9uLXBvcHVwJTIwLmNsb3NlLXBvcHVwJTNBaG92ZXIlMjAlN0IlMEElMjAlMjBiYWNrZ3JvdW5kJTNBbm9uZSUzQiUwQSUyMCUyMGNvbG9yJTNBJTIwJTIzNzc3JTNCJTBBJTdEJTBBJTBBJTBBJTBBJTJGJTJBJTIwJTNEJTNEJTNEJTNEJTNEJTNEJTNEJTNEJTNEJTNEJTNEJTNEJTNEJTNEJTNEJTNEJTNEJTNEJTNEJTNEJTNEJTNEJTNEJTNEJTNEJTBBJTIwJTIwJTIwRkxVSk8lMjBERSUyMFBSRUdVTlRBUyUwQSUzRCUzRCUzRCUzRCUzRCUzRCUzRCUzRCUzRCUzRCUzRCUzRCUzRCUzRCUzRCUzRCUzRCUzRCUzRCUzRCUzRCUzRCUzRCUzRCUzRCUyMCUyQSUyRiUwQSUyM2RlY2lzaW9uLXBvcHVwJTIwLnN0ZXAlMjAlN0IlMEElMjAlMjBkaXNwbGF5JTNBJTIwbm9uZSUzQiUwQSUyMCUyMGFuaW1hdGlvbiUzQSUyMGZhZGVJbiUyMC4yNXMlMjBlYXNlJTNCJTBBJTdEJTBBJTBBJTIzZGVjaXNpb24tcG9wdXAlMjAuc3RlcC5hY3RpdmUlMjAlN0IlMEElMjAlMjBkaXNwbGF5JTNBJTIwYmxvY2slM0IlMEElN0QlMEElMEElNDBrZXlmcmFtZXMlMjBmYWRlSW4lMjAlN0IlMEElMjAlMjBmcm9tJTIwJTdCJTIwb3BhY2l0eSUzQSUyMDAlM0IlMjB0cmFuc2Zvcm0lM0ElMjB0cmFuc2xhdGVZJTI4NnB4JTI5JTNCJTIwJTdEJTBBJTIwJTIwdG8lMjAlN0IlMjBvcGFjaXR5JTNBJTIwMSUzQiUyMHRyYW5zZm9ybSUzQSUyMHRyYW5zbGF0ZVklMjgwJTI5JTNCJTIwJTdEJTBBJTdEJTBBJTBBJTJGJTJBJTIwJTNEJTNEJTNEJTNEJTNEJTNEJTNEJTNEJTNEJTNEJTNEJTNEJTNEJTNEJTNEJTNEJTNEJTNEJTNEJTNEJTNEJTNEJTNEJTNEJTNEJTBBJTIwJTIwJTIwVEVYVE8lMjBERSUyMFBSRUdVTlRBJTBBJTNEJTNEJTNEJTNEJTNEJTNEJTNEJTNEJTNEJTNEJTNEJTNEJTNEJTNEJTNEJTNEJTNEJTNEJTNEJTNEJTNEJTNEJTNEJTNEJTNEJTIwJTJBJTJGJTBBJTIzZGVjaXNpb24tcG9wdXAlMjAucXVlc3Rpb24lMjAlN0IlMEElMjAlMjBmb250LXNpemUlM0ElMjAxOXB4JTNCJTBBJTIwJTIwbGluZS1oZWlnaHQlM0ElMjAxLjQ1JTNCJTBBJTIwJTIwbWFyZ2luLWJvdHRvbSUzQSUyMDI4cHglM0IlMEElMjAlMjBmb250LXdlaWdodCUzQSUyMDUwMCUzQiUwQSUyMCUyMGNvbG9yJTNBJTIwJTIzMjIyJTNCJTBBJTdEJTBBJTBBJTJGJTJBJTIwJTNEJTNEJTNEJTNEJTNEJTNEJTNEJTNEJTNEJTNEJTNEJTNEJTNEJTNEJTNEJTNEJTNEJTNEJTNEJTNEJTNEJTNEJTNEJTNEJTNEJTBBJTIwJTIwJTIwQk9UT05FUyUwQSUzRCUzRCUzRCUzRCUzRCUzRCUzRCUzRCUzRCUzRCUzRCUzRCUzRCUzRCUzRCUzRCUzRCUzRCUzRCUzRCUzRCUzRCUzRCUzRCUzRCUyMCUyQSUyRiUwQSUyM2RlY2lzaW9uLXBvcHVwJTIwYnV0dG9uJTIwJTdCJTBBJTIwJTIwbWluLXdpZHRoJTNBJTIwMTIwcHglM0IlMEElMjAlMjBwYWRkaW5nJTNBJTIwMTJweCUyMDIycHglM0IlMEElMjAlMjBtYXJnaW4lM0ElMjAwJTIwOHB4JTNCJTBBJTIwJTIwYm9yZGVyLXJhZGl1cyUzQSUyMDJlbSUzQiUwQSUyMCUyMGJvcmRlciUzQSUyMG5vbmUlM0IlMEElMjAlMjBmb250LXNpemUlM0ElMjAxNXB4JTNCJTBBJTIwJTIwZm9udC13ZWlnaHQlM0ElMjA2MDAlM0IlMEElMjAlMjBjdXJzb3IlM0ElMjBwb2ludGVyJTNCJTBBJTIwJTIwcG9zaXRpb24lM0ElMjByZWxhdGl2ZSUzQiUwQSUyMCUyMHRyYW5zaXRpb24lM0ElMjBhbGwlMjAuMThzJTIwZWFzZS1pbi1vdXQlM0IlMEElMjAlMjBjb2xvciUzQSUyMCUyM0ZGRiUzQiUwQSU3RCUwQSUwQSUwQSUwQSUyRiUyQSUyMCUzRCUzRCUzRCUzRCUzRCUzRCUzRCUzRCUzRCUzRCUzRCUzRCUzRCUzRCUzRCUzRCUzRCUzRCUzRCUzRCUzRCUzRCUzRCUzRCUzRCUwQSUyMCUyMCUyMFBBTlRBTExBJTIwRklOQUwlMEElM0QlM0QlM0QlM0QlM0QlM0QlM0QlM0QlM0QlM0QlM0QlM0QlM0QlM0QlM0QlM0QlM0QlM0QlM0QlM0QlM0QlM0QlM0QlM0QlM0QlMjAlMkElMkYlMEElMjNkZWNpc2lvbi1wb3B1cCUyMC5zdGVwLmZpbmFsJTIwaDMlMjAlN0IlMEElMjAlMjBmb250LXNpemUlM0ElMjAyMnB4JTNCJTBBJTIwJTIwbWFyZ2luLWJvdHRvbSUzQSUyMDEycHglM0IlMEElMjAlMjBjb2xvciUzQSUyMCUyMzExMSUzQiUwQSU3RCUwQSUwQSUyM2RlY2lzaW9uLXBvcHVwJTIwLnN0ZXAuZmluYWwlMjBwJTIwJTdCJTBBJTIwJTIwZm9udC1zaXplJTNBJTIwMTZweCUzQiUwQSUyMCUyMGNvbG9yJTNBJTIwJTIzNDQ0JTNCJTBBJTdEJTBBJTBBJTJGJTJBJTIwJTNEJTNEJTNEJTNEJTNEJTNEJTNEJTNEJTNEJTNEJTNEJTNEJTNEJTNEJTNEJTNEJTNEJTNEJTNEJTNEJTNEJTNEJTNEJTNEJTNEJTBBJTIwJTIwJTIwUkVTUE9OU0lWRSUwQSUzRCUzRCUzRCUzRCUzRCUzRCUzRCUzRCUzRCUzRCUzRCUzRCUzRCUzRCUzRCUzRCUzRCUzRCUzRCUzRCUzRCUzRCUzRCUzRCUzRCUyMCUyQSUyRiUwQSU0MG1lZGlhJTIwJTI4bWF4LXdpZHRoJTNBJTIwNDgwcHglMjklMjAlN0IlMEElMjAlMjAlMjNkZWNpc2lvbi1wb3B1cCUyMCU3QiUwQSUyMCUyMCUyMCUyMHBhZGRpbmclM0ElMjAyNnB4JTIwMjBweCUzQiUwQSUyMCUyMCU3RCUwQSUwQSUyMCUyMCUyM2RlY2lzaW9uLXBvcHVwJTIwYnV0dG9uJTIwJTdCJTBBJTIwJTIwJTIwJTIwZGlzcGxheSUzQSUyMGJsb2NrJTNCJTBBJTIwJTIwJTIwJTIwd2lkdGglM0ElMjAxMDAlMjUlM0IlMEElMjAlMjAlMjAlMjBtYXJnaW4lM0ElMjAxMHB4JTIwMCUzQiUwQSUyMCUyMCU3RCUwQSU3RCUwQSUyRiUyQSUyMEFOVUxBUiUyMEVGRUNUTyUyMEhPVkVSJTIwR0xPQkFMJTIwRU4lMjBCT1QlQzMlOTNOJTIwQ0VSUkFSJTIwJTJBJTJGJTBBJTIzZGVjaXNpb24tcG9wdXAlMjAuY2xvc2UtcG9wdXAlMkMlMEElMjNkZWNpc2lvbi1wb3B1cCUyMC5jbG9zZS1wb3B1cCUzQWhvdmVyJTIwJTdCJTBBJTIwJTIwdG9wJTNBJTIwMCUyMCUyMWltcG9ydGFudCUzQiUwQSUyMCUyMHRyYW5zZm9ybSUzQSUyMG5vbmUlMjAlMjFpbXBvcnRhbnQlM0IlMEElN0QlMEElM0MlMkZzdHlsZSUzRSUwQSUwQSUwQSUzQ3NjcmlwdCUzRSUwQWZ1bmN0aW9uJTIwb3BlbkRlY2lzaW9uUG9wdXAlMjglMjklMjAlN0IlMEElMjAlMjBkb2N1bWVudC5nZXRFbGVtZW50QnlJZCUyOCUyN2RlY2lzaW9uLW92ZXJsYXklMjclMjkuc3R5bGUuZGlzcGxheSUyMCUzRCUyMCUyN2ZsZXglMjclM0IlMEElMjAlMjByZXNldERlY2lzaW9uJTI4JTI5JTNCJTBBJTdEJTBBJTBBZnVuY3Rpb24lMjBjbG9zZURlY2lzaW9uUG9wdXAlMjglMjklMjAlN0IlMEElMjAlMjBkb2N1bWVudC5nZXRFbGVtZW50QnlJZCUyOCUyN2RlY2lzaW9uLW92ZXJsYXklMjclMjkuc3R5bGUuZGlzcGxheSUyMCUzRCUyMCUyN25vbmUlMjclM0IlMEElMjAlMjAlMjAlMjB3aW5kb3cubG9jYXRpb24uaHJlZiUyMCUzRCUyMCUyMiUyM2NvbnRhY3RlJTIyJTNCJTBBJTdEJTBBJTBBZnVuY3Rpb24lMjByZXNldERlY2lzaW9uJTI4JTI5JTIwJTdCJTBBJTIwJTIwZG9jdW1lbnQucXVlcnlTZWxlY3RvckFsbCUyOCUyNy5zdGVwJTI3JTI5LmZvckVhY2glMjhlbCUyMCUzRCUzRSUyMGVsLmNsYXNzTGlzdC5yZW1vdmUlMjglMjdhY3RpdmUlMjclMjklMjklM0IlMEElMjAlMjBkb2N1bWVudC5nZXRFbGVtZW50QnlJZCUyOCUyN3ExJTI3JTI5LmNsYXNzTGlzdC5hZGQlMjglMjdhY3RpdmUlMjclMjklM0IlMEElN0QlMEElMEFmdW5jdGlvbiUyMGhpZGVBbGwlMjglMjklMjAlN0IlMEElMjAlMjBkb2N1bWVudC5xdWVyeVNlbGVjdG9yQWxsJTI4JTI3LnN0ZXAlMjclMjkuZm9yRWFjaCUyOGVsJTIwJTNEJTNFJTIwZWwuY2xhc3NMaXN0LnJlbW92ZSUyOCUyN2FjdGl2ZSUyNyUyOSUyOSUzQiUwQSU3RCUwQSUwQWZ1bmN0aW9uJTIwZ29ZZXMlMjglMjklMjAlN0IlMEElMjAlMjBoaWRlQWxsJTI4JTI5JTNCJTBBJTIwJTIwZG9jdW1lbnQuZ2V0RWxlbWVudEJ5SWQlMjglMjdmaW5hbCUyNyUyOS5jbGFzc0xpc3QuYWRkJTI4JTI3YWN0aXZlJTI3JTI5JTNCJTBBJTdEJTBBJTBBZnVuY3Rpb24lMjBnb05vJTI4bmV4dCUyOSUyMCU3QiUwQSUyMCUyMGhpZGVBbGwlMjglMjklM0IlMEElMjAlMjBkb2N1bWVudC5nZXRFbGVtZW50QnlJZCUyOG5leHQlMjkuY2xhc3NMaXN0LmFkZCUyOCUyN2FjdGl2ZSUyNyUyOSUzQiUwQSU3RCUwQSUwQWZ1bmN0aW9uJTIwZ29FbmQlMjglMjklMjAlN0IlMEElMjAlMjBnb1llcyUyOCUyOSUzQiUwQSU3RCUwQSUwQSUyRiUyQSUyMENvbmVjdGFyJTIwY29uJTIwYm90JUMzJUIzbiUyMFdQQmFrZXJ5JTIwcG9yJTIwY2xhc2UlMjAlMkElMkYlMEFkb2N1bWVudC5hZGRFdmVudExpc3RlbmVyJTI4JTI3RE9NQ29udGVudExvYWRlZCUyNyUyQyUyMCUyOCUyOSUzRCUzRSU3QiUwQSUyMCUyMGRvY3VtZW50LnF1ZXJ5U2VsZWN0b3JBbGwlMjglMjcub3Blbi1kZWNpc2lvbiUyNyUyOS5mb3JFYWNoJTI4YnRuJTNEJTNFJTdCJTBBJTIwJTIwJTIwJTIwYnRuLmFkZEV2ZW50TGlzdGVuZXIlMjglMjdjbGljayUyNyUyQyUyMG9wZW5EZWNpc2lvblBvcHVwJTI5JTNCJTBBJTIwJTIwJTdEJTI5JTNCJTBBJTdEJTI5JTNCJTBBZnVuY3Rpb24lMjByZWRpcmVjdFN1bXVwJTI4JTI5JTIwJTdCJTBBJTIwJTIwd2luZG93LmxvY2F0aW9uLmhyZWYlMjAlM0QlMjAlMjJodHRwcyUzQSUyRiUyRnN1bXVwYm9va2luZ3MuY29tJTJGY2xhcmFib2lhLXBvZGNhc3QlMjIlM0IlMEElN0QlMEElM0MlMkZzY3JpcHQlM0UlMEE=[\/vc_raw_html][\/vc_column][\/vc_row][vc_row full_width=\u00bbstretch_row_content_no_spaces\u00bb css=\u00bb.vc_custom_1770586355685{padding-top: 1rem !important;background-color: #2d2d2d !important;}\u00bb el_id=\u00bbcontacte\u00bb][vc_column width=\u00bb1\/2&#8243; css=\u00bb.vc_custom_1770586185329{padding-top: 2rem !important;padding-right: 2rem !important;padding-left: 2rem !important;}\u00bb][vc_column_text css=\u00bb\u00bb el_class=\u00bb.text-en-blanc\u00bb]<\/p>\n<h3>\u00bfQuieres saber m\u00e1s o tienes alguna duda?<\/h3>\n<p>Estaremos encantadas de leerte. Rellena el formulario y te responderemos tan pronto como nos sea posible. Te acompa\u00f1aremos en todo el proceso para ofrecerte la mejor soluci\u00f3n adaptada a tus necesidades.[\/vc_column_text][vc_row_inner container_type=\u00bbfluid\u00bb equal_height=\u00bbyes\u00bb content_placement=\u00bbtop\u00bb gap=\u00bb10&#8243; css=\u00bb.vc_custom_1770586454986{padding-right: 2rem !important;padding-left: 2rem !important;}\u00bb][vc_column_inner width=\u00bb1\/2&#8243;][vc_text_separator title=\u00bb\u00bb i_icon_fontawesome=\u00bbfa fa-solid fa-phone-volume\u00bb i_color=\u00bbcustom\u00bb css=\u00bb.vc_custom_1746516313114{margin-bottom: 0px !important;border-bottom-width: 0px !important;padding-bottom: 0px !important;}\u00bb add_icon=\u00bbtrue\u00bb i_custom_color=\u00bb#3bb6b9&#8243;][vc_column_text css=\u00bb\u00bb el_class=\u00bb.interlineado-home\u00bb]<\/p>\n<p style=\"text-align: center;\"><a href=\"tel:+34931884016\">931884016<\/a><br \/>\n<a href=\"https:\/\/web.whatsapp.com\/send?phone=34658864896&amp;text=Truqueu-me\" target=\"_blank\" rel=\"noopener noreferrer\">658864896 (Whatsapp)<\/a><\/p>\n<p>[\/vc_column_text][\/vc_column_inner][vc_column_inner width=\u00bb1\/2&#8243;][vc_text_separator title=\u00bb\u00bb i_icon_fontawesome=\u00bbfa fa-regular fa-envelope\u00bb i_color=\u00bbcustom\u00bb css=\u00bb.vc_custom_1746516304362{margin-bottom: 0px !important;border-bottom-width: 0px !important;padding-bottom: 0px !important;}\u00bb add_icon=\u00bbtrue\u00bb i_custom_color=\u00bb#3bb6b9&#8243;][vc_column_text css=\u00bb.vc_custom_1746516170412{margin-top: 0px !important;border-top-width: 0px !important;padding-top: 0px !important;}\u00bb el_class=\u00bb.interlineado-home\u00bb]<\/p>\n<p style=\"text-align: center;\"><a href=\"mailto:info@claraboia.coop\">info(a)claraboia.coop<\/a><\/p>\n<p>[\/vc_column_text][\/vc_column_inner][\/vc_row_inner][\/vc_column][vc_column width=\u00bb1\/2&#8243; css=\u00bb.vc_custom_1770586170121{padding-top: 2rem !important;padding-right: 2rem !important;padding-bottom: 2rem !important;padding-left: 2rem !important;}\u00bb][lab_contact_form name_title=\u00bbNombre\u00bb email_title=\u00bbCorreo electr\u00f3nico\u00bb message_title=\u00bbMensaje\u00bb show_subject_field=\u00bb\u00bb submit_title=\u00bbEnviar\u00bb submit_success=\u00bb\u00a1Mensaje recibido!\u00bb alert_errors=\u00bb\u00bb enable_recaptcha=\u00bbyes\u00bb el_class=\u00bb.text_en_blanc\u00bb privacy_policy_text=\u00bb#E-8_VXRpbGl6YW5kbyUyMGVzdGUlMjBmb3JtdWxhcmlvJTIwZGFtb3MlMjBwb3IlMjBzZW50YWRvJTIwcXVlJTIwaGFzJTIwbGUlQzMlQURkbyUyMHklMjBhY2VwdGFkbyUyMG51ZXN0cmElMjAlM0NhJTIwaHJlZiUzRCUyN2h0dHBzJTNBJTJGJTJGd3d3LmNsYXJhYm9pYS5jb29wJTJGZXMlMkZhdmlzby1sZWdhbCUyRiUyNyUyMHRhcmdldCUzRCUyN19ibGFuayUyNyUzRVBvbCVDMyVBRHRpY2ElMjBkZSUyMFByaXZhY2lkYWQlM0MlMkZhJTNFLg==\u00bb email_receiver=\u00bbclaraboia@claraboia.net\u00bb][\/vc_column][\/vc_row]<\/p>\n<\/div>","protected":false},"excerpt":{"rendered":"<p>[vc_row full_width=\u00bbstretch_row\u00bb content_placement=\u00bbmiddle\u00bb parallax=\u00bbcontent-moving\u00bb parallax_image=\u00bb10511&#8243; css=\u00bb.vc_custom_1770288821987{background-color: #3BB6B9 !important;}\u00bb][vc_column][vc_empty_space height=\u00bb12vw\u00bb][vc_column_text css=\u00bb\u00bb el_class=\u00bb.text-en-blanc\u00bb] Podcasting Servicio y estudio de podcasting de audio y v\u00eddeo [\/vc_column_text][vc_empty_space height=\u00bb8vw\u00bb][\/vc_column][\/vc_row][vc_row full_width=\u00bbstretch_row\u00bb css=\u00bb.vc_custom_1746458537266{border-bottom-width: 1rem !important;padding-top: 1rem !important;background-color: #FFFFFF73 !important;}\u00bb][vc_column][vc_column_text css=\u00bb\u00bb] \u00bfTienes una idea para un podcast? Gr\u00e1balo en un estudio profesional en Matar\u00f3. Te ayudamos con la grabaci\u00f3n de v\u00eddeo y sonido.[\/vc_column_text][vc_row_inner][vc_column_inner][vc_btn title=\u00bb\u00a1Escr\u00edbenos&hellip;<\/p>\n","protected":false},"author":1,"featured_media":0,"parent":0,"menu_order":0,"comment_status":"closed","ping_status":"closed","template":"","meta":{"_acf_changed":false,"footnotes":""},"class_list":["post-10519","page","type-page","status-publish","hentry"],"acf":[],"_links":{"self":[{"href":"https:\/\/www.claraboia.coop\/es\/wp-json\/wp\/v2\/pages\/10519","targetHints":{"allow":["GET"]}}],"collection":[{"href":"https:\/\/www.claraboia.coop\/es\/wp-json\/wp\/v2\/pages"}],"about":[{"href":"https:\/\/www.claraboia.coop\/es\/wp-json\/wp\/v2\/types\/page"}],"author":[{"embeddable":true,"href":"https:\/\/www.claraboia.coop\/es\/wp-json\/wp\/v2\/users\/1"}],"replies":[{"embeddable":true,"href":"https:\/\/www.claraboia.coop\/es\/wp-json\/wp\/v2\/comments?post=10519"}],"version-history":[{"count":0,"href":"https:\/\/www.claraboia.coop\/es\/wp-json\/wp\/v2\/pages\/10519\/revisions"}],"wp:attachment":[{"href":"https:\/\/www.claraboia.coop\/es\/wp-json\/wp\/v2\/media?parent=10519"}],"curies":[{"name":"wp","href":"https:\/\/api.w.org\/{rel}","templated":true}]}}