{"id":6131,"date":"2010-04-26T14:51:11","date_gmt":"2010-04-26T14:51:11","guid":{"rendered":"https:\/\/www.claraboia.coop\/?page_id=6131"},"modified":"2026-04-20T21:24:57","modified_gmt":"2026-04-20T21:24:57","slug":"inicio","status":"publish","type":"page","link":"https:\/\/www.claraboia.coop\/es\/","title":{"rendered":"Inicio"},"content":{"rendered":"<div class=\"wpb-content-wrapper\"><p>[vc_row full_width=\u00bbstretch_row_content\u00bb full_height=\u00bbyes\u00bb columns_placement=\u00bbbottom\u00bb content_placement=\u00bbtop\u00bb parallax=\u00bbcontent-moving\u00bb parallax_image=\u00bb8452&#8243; css=\u00bb.vc_custom_1758196017553{background-color: #2b2b2b !important;}\u00bb el_class=\u00bbcap\u00bb][vc_column][vc_empty_space height=\u00bb15vw\u00bb][vc_column_text css=\u00bb\u00bb el_class=\u00bb.text-en-blanc\u00bb]<\/p>\n<h1 style=\"text-align: center;\">Somos la cooperativa del v\u00eddeo<\/h1>\n<p style=\"text-align: center;\">Desde 2010, ofreciendo servicios de soporte y producci\u00f3n audiovisual, streaming, podcasting y laboratorio de v\u00eddeo.<br \/>\nDesde Matar\u00f3, para las provincias de Barcelona y Girona.<\/p>\n<p>[\/vc_column_text][vc_empty_space height=\u00bb15vw\u00bb][\/vc_column][\/vc_row][vc_row full_width=\u00bbstretch_row_content_no_spaces\u00bb content_placement=\u00bbbottom\u00bb parallax=\u00bbcontent-moving\u00bb parallax_image=\u00bb8185&#8243; css=\u00bb.vc_custom_1758753877636{margin-bottom: 0px !important;border-bottom-width: 0px !important;padding-bottom: 0px !important;background: #a6458f url(https:\/\/www.claraboia.coop\/wp-content\/uploads\/2023\/11\/claraboiacoop-streaming-back.webp?id=);background-position: center;background-repeat: no-repeat !important;background-size: cover !important;}\u00bb el_class=\u00bb.text-en-blanc\u00bb][vc_column width=\u00bb1\/12&#8243; css=\u00bb.vc_custom_1585600642986{background-position: 0 0 !important;background-repeat: no-repeat !important;}\u00bb][\/vc_column][vc_column width=\u00bb7\/12&#8243;][vc_column_text css=\u00bb\u00bb]<\/p>\n<h2 class=\"heading-caixa\">Somos especialistas en streaming<\/h2>\n<p>[\/vc_column_text][vc_column_text css=\u00bb\u00bb]Ofrecemos soluciones de streaming en directo para la retransmisi\u00f3n de eventos, conferencias y seminarios web, garantizando una experiencia fluida y de alta calidad en cualquier dispositivo.[\/vc_column_text][vc_btn title=\u00bbTe explicamos c\u00f3mo lo hacemos\u00bb style=\u00bb3d\u00bb shape=\u00bbround\u00bb color=\u00bbsuccess\u00bb size=\u00bblg\u00bb i_icon_fontawesome=\u00bbfa fa-solid fa-book-open\u00bb css=\u00bb\u00bb add_icon=\u00bbtrue\u00bb link=\u00bburl:https%3A%2F%2Fwww.claraboia.coop%2Fes%2Fstreaming%2F|title:Streaming\u00bb][vc_row_inner container_type=\u00bbfluid\u00bb content_placement=\u00bbtop\u00bb css=\u00bb.vc_custom_1758828189788{margin-top: 10px !important;}\u00bb][vc_column_inner width=\u00bb1\/4&#8243;][vc_icon type=\u00bbfontawesome\u00bb icon_fontawesome=\u00bbfas fa-video\u00bb color=\u00bbwhite\u00bb background_style=\u00bbrounded\u00bb background_color=\u00bbcustom\u00bb align=\u00bbcenter\u00bb css=\u00bb.vc_custom_1744629993140{margin-bottom: 0px !important;border-bottom-width: 0px !important;padding-bottom: 0px !important;}\u00bb custom_background_color=\u00bb#3BB6B9&#8243;][vc_column_text css=\u00bb.vc_custom_1767812957639{margin-top: 1rem !important;}\u00bb el_class=\u00bbinterlineado-home\u00bb]<strong>C\u00e1maras Broadcast y Robotizadas<\/strong>[\/vc_column_text][\/vc_column_inner][vc_column_inner width=\u00bb1\/4&#8243;][vc_icon type=\u00bbfontawesome\u00bb icon_fontawesome=\u00bbfas fa-link\u00bb color=\u00bbwhite\u00bb background_style=\u00bbrounded\u00bb background_color=\u00bbcustom\u00bb align=\u00bbcenter\u00bb css=\u00bb.vc_custom_1744629993140{margin-bottom: 0px !important;border-bottom-width: 0px !important;padding-bottom: 0px !important;}\u00bb custom_background_color=\u00bb#3BB6B9&#8243;][vc_column_text css=\u00bb.vc_custom_1767812973313{margin-top: 1rem !important;}\u00bb el_class=\u00bbinterlineado-home\u00bb]<strong>Conectividad Profesional HD-SDI<\/strong>[\/vc_column_text][\/vc_column_inner][vc_column_inner width=\u00bb1\/4&#8243;][vc_icon type=\u00bbfontawesome\u00bb icon_fontawesome=\u00bbfas fa-sliders-h\u00bb color=\u00bbwhite\u00bb background_style=\u00bbrounded\u00bb background_color=\u00bbcustom\u00bb align=\u00bbcenter\u00bb css=\u00bb.vc_custom_1744630004684{margin-bottom: 0px !important;border-bottom-width: 0px !important;padding-bottom: 0px !important;}\u00bb custom_background_color=\u00bb#3BB6B9&#8243;][vc_column_text css=\u00bb.vc_custom_1767812990603{margin-top: 1rem !important;}\u00bb el_class=\u00bbinterlineado-home\u00bb]<strong>Unidad m\u00f3vil ligera multiprop\u00f3sito<\/strong>[\/vc_column_text][\/vc_column_inner][vc_column_inner width=\u00bb1\/4&#8243;][vc_icon type=\u00bbfontawesome\u00bb icon_fontawesome=\u00bbfas fa-wifi\u00bb color=\u00bbwhite\u00bb background_style=\u00bbrounded\u00bb background_color=\u00bbcustom\u00bb align=\u00bbcenter\u00bb css=\u00bb.vc_custom_1744630015092{margin-bottom: 0px !important;border-bottom-width: 0px !important;padding-bottom: 0px !important;}\u00bb custom_background_color=\u00bb#3BB6B9&#8243;][vc_column_text css=\u00bb.vc_custom_1767813007762{margin-top: 1rem !important;}\u00bb el_class=\u00bbinterlineado-home\u00bb]<strong>Conexi\u00f3n a Internet 4G\/5G<\/strong>[\/vc_column_text][\/vc_column_inner][\/vc_row_inner][\/vc_column][vc_column width=\u00bb4\/12&#8243;][vc_single_image image=\u00bb8264&#8243; img_size=\u00bbfull\u00bb alignment=\u00bbcenter\u00bb css_animation=\u00bbslideInUp\u00bb css=\u00bb.vc_custom_1758757160429{margin-bottom: 0px !important;border-bottom-width: 0px !important;padding-bottom: 0px !important;}\u00bb][\/vc_column][\/vc_row][vc_row full_width=\u00bbstretch_row_content_no_spaces\u00bb css=\u00bb.vc_custom_1758232757945{background: #eeeeee url(https:\/\/www.claraboia.coop\/wp-content\/uploads\/2024\/03\/clb-back.webp?id=8417) !important;}\u00bb][vc_column][vc_column_text css=\u00bb\u00bb el_class=\u00bbtext-centrat\u00bb]<\/p>\n<h2 class=\"heading-caixa\">Nuestros \u00faltimos trabajos<\/h2>\n<p>[\/vc_column_text][lab_portfolio_items category_filter=\u00bbno\u00bb portfolio_type=\u00bbtype-2&#8243; portfolio_spacing=\u00bbno\u00bb more_link=\u00bburl:http%3A%2F%2Fwww.claraboia.coop%2F%3Fportfolio_category%3Dportfolio|||\u00bb portfolio_query=\u00bbsize:8|order_by:date|order:DESC|post_type:portfolio|tax_query:-175,-183&#8243;][vc_btn title=\u00bbVer el portfolio\u00bb style=\u00bb3d\u00bb shape=\u00bbround\u00bb color=\u00bbsuccess\u00bb size=\u00bblg\u00bb align=\u00bbcenter\u00bb i_icon_fontawesome=\u00bbfa fa-solid fa-folder-open\u00bb css=\u00bb\u00bb add_icon=\u00bbtrue\u00bb link=\u00bburl:https%3A%2F%2Fwww.claraboia.coop%2Fes%2Fportfolio%2F|title:Ver%20todo\u00bb][\/vc_column][\/vc_row][vc_row full_width=\u00bbstretch_row_content\u00bb css=\u00bb.vc_custom_1758232152866{background-color: #4A4A4A !important;}\u00bb][vc_column][vc_images_carousel images=\u00bb8595,8287,8278,8297,8333,8347,8353,8315,8302,8309,8305,8336,8300,8312,8344,8355,8284,8321,8318,8281,8330,8324,8341,8339,8351,8294,8349&#8243; img_size=\u00bbfull\u00bb onclick=\u00bblink_no\u00bb speed=\u00bb1000&#8243; slides_per_view=\u00bb5&#8243; autoplay=\u00bbyes\u00bb hide_pagination_control=\u00bbyes\u00bb partial_view=\u00bbyes\u00bb wrap=\u00bbyes\u00bb css=\u00bb\u00bb][\/vc_column][\/vc_row][vc_row full_width=\u00bbstretch_row_content_no_spaces\u00bb equal_height=\u00bbyes\u00bb content_placement=\u00bbmiddle\u00bb css=\u00bb.vc_custom_1774010245674{padding-top: 2rem !important;padding-bottom: 2rem !important;}\u00bb el_class=\u00bbhome-fons-laboratori\u00bb][vc_column width=\u00bb1\/3&#8243;][vc_single_image image=\u00bb8250&#8243; img_size=\u00bbfull\u00bb alignment=\u00bbcenter\u00bb css_animation=\u00bbrotateInDownLeft\u00bb css=\u00bb\u00bb][\/vc_column][vc_column width=\u00bb2\/3&#8243; css=\u00bb.vc_custom_1770583818463{padding-right: 2rem !important;padding-left: 2rem !important;}\u00bb][vc_column_text css=\u00bb.vc_custom_1776719395324{padding-top: 2rem !important;}\u00bb el_class=\u00bbtext-en-blanc\u00bb]<\/p>\n<h2 class=\"heading-caixa\">Digitalizamos tus recuerdos<\/h2>\n<p>Ofrecemos servicios de digitalizaci\u00f3n y manipulaci\u00f3n de audio, v\u00eddeo y soportes fotogr\u00e1ficos.<br \/>\nTodos los trabajos se realizan exclusivamente en nuestro estudio, garantizando la custodia de tus originales.<\/p>\n<p>[\/vc_column_text][vc_row_inner container_type=\u00bbfluid\u00bb el_class=\u00bblab-fila-botons\u00bb][vc_column_inner width=\u00bb1\/6&#8243;][vc_raw_html css=\u00bb\u00bb]JTNDYSUyMGhyZWYlM0QlMjIlMkZlcyUyRmxhYm9yYXRvcmlvJTJGJTIzdmlkZW8lMjIlMjBjbGFzcyUzRCUyMmxhYi1ib3RvLWljb25hJTIyJTNFJTBBJTIwJTIwJTNDZGl2JTIwY2xhc3MlM0QlMjJsYWItaWNvbmElMjIlM0UlMEElMjAlMjAlMjAlMjAlMjAlMjAlM0NzcGFuJTIwY2xhc3MlM0QlMjJ2Y19pY29uX2VsZW1lbnQtaWNvbiUyMGZhJTIwZmEtc29saWQlMjBmYS12aWRlbyUyMiUyMCUzRSUzQyUyRnNwYW4lM0UlMEElMjAlMjAlMjAlMjAlMjAlMjAlMjAlMjAlMjAlMjAlM0MlMkZkaXYlM0UlM0NwJTNFQ2ludGFzJTIwZGUlMjB2JUMzJUFEZGVvJTNDJTJGcCUzRSUzQyUyRmElM0U=[\/vc_raw_html][\/vc_column_inner][vc_column_inner width=\u00bb1\/6&#8243;][vc_raw_html css=\u00bb\u00bb]JTNDYSUyMGhyZWYlM0QlMjIlMkZlcyUyRmxhYm9yYXRvcmlvJTJGJTIzYXJ4aXVzJTIyJTIwY2xhc3MlM0QlMjJsYWItYm90by1pY29uYSUyMiUzRSUwQSUyMCUyMCUzQ2RpdiUyMGNsYXNzJTNEJTIybGFiLWljb25hJTIyJTNFJTBBJTIwJTIwJTIwJTIwJTIwJTIwJTNDc3BhbiUyMGNsYXNzJTNEJTIydmNfaWNvbl9lbGVtZW50LWljb24lMjBmYSUyMGZhLXNvbGlkJTIwZmEtZmlsZS12aWRlbyUyMiUzRSUzQyUyRnNwYW4lM0UlMEElMjAlMjAlMjAlMjAlMjAlMjAlMjAlMjAlMjAlMjAlM0MlMkZkaXYlM0UlM0NwJTNFQXJjaGl2b3MlMjBkZSUyMHYlQzMlQURkZW8lM0MlMkZwJTNFJTNDJTJGYSUzRQ==[\/vc_raw_html][\/vc_column_inner][vc_column_inner width=\u00bb1\/6&#8243;][vc_raw_html css=\u00bb\u00bb]JTNDYSUyMGhyZWYlM0QlMjIlMkZlcyUyRmxhYm9yYXRvcmlvJTJGJTIzdGVsZWNpbmUlMjIlMjBjbGFzcyUzRCUyMmxhYi1ib3RvLWljb25hJTIyJTNFJTBBJTIwJTIwJTNDZGl2JTIwY2xhc3MlM0QlMjJsYWItaWNvbmElMjIlM0UlMEElMjAlMjAlMjAlMjAlMjAlMjAlM0NzcGFuJTIwY2xhc3MlM0QlMjJ2Y19pY29uX2VsZW1lbnQtaWNvbiUyMGZhJTIwZmEtc29saWQlMjBmYS1maWxtJTIyJTNFJTNDJTJGc3BhbiUzRSUwQSUyMCUyMCUyMCUyMCUyMCUyMCUyMCUyMCUyMCUyMCUzQyUyRmRpdiUzRSUzQ3AlM0VCb2JpbmFzJTIwZGUlMjBjaW5lJTNDJTJGcCUzRSUzQyUyRmElM0U=[\/vc_raw_html][\/vc_column_inner][vc_column_inner width=\u00bb1\/6&#8243;][vc_raw_html css=\u00bb\u00bb]JTNDYSUyMGhyZWYlM0QlMjIlMkZlcyUyRmxhYm9yYXRvcmlvJTJGJTIzYXVkaW8lMjIlMjBjbGFzcyUzRCUyMmxhYi1ib3RvLWljb25hJTIyJTNFJTBBJTIwJTIwJTNDZGl2JTIwY2xhc3MlM0QlMjJsYWItaWNvbmElMjIlM0UlMEElMjAlMjAlMjAlMjAlMjAlMjAlM0NzcGFuJTIwY2xhc3MlM0QlMjJ2Y19pY29uX2VsZW1lbnQtaWNvbiUyMGZhJTIwZmEtc29saWQlMjBmYS1taWNyb3Bob25lLWxpbmVzJTIyJTNFJTNDJTJGc3BhbiUzRSUwQSUyMCUyMCUyMCUyMCUyMCUyMCUyMCUyMCUyMCUyMCUzQyUyRmRpdiUzRSUzQ3AlM0VTb3BvcnRlcyUyMHNvbm9yb3MlM0MlMkZwJTNFJTNDJTJGYSUzRQ==[\/vc_raw_html][\/vc_column_inner][vc_column_inner width=\u00bb1\/6&#8243;][vc_raw_html css=\u00bb\u00bb]JTNDYSUyMGhyZWYlM0QlMjIlMkZlcyUyRmxhYm9yYXRvcmlvJTJGJTIzbmVnYXRpdXMlMjIlMjBjbGFzcyUzRCUyMmxhYi1ib3RvLWljb25hJTIyJTNFJTBBJTIwJTIwJTNDZGl2JTIwY2xhc3MlM0QlMjJsYWItaWNvbmElMjIlM0UlMEElMjAlMjAlMjAlMjAlMjAlMjAlM0NzcGFuJTIwY2xhc3MlM0QlMjJ2Y19pY29uX2VsZW1lbnQtaWNvbiUyMGZhJTIwZmEtc29saWQlMjBmYS1jYW1lcmEtcmV0cm8lMjIlM0UlM0MlMkZzcGFuJTNFJTBBJTIwJTIwJTIwJTIwJTIwJTIwJTIwJTIwJTIwJTIwJTNDJTJGZGl2JTNFJTNDcCUzRU5lZ2F0aXZvcyUyMHklMjBkaWFwb3NpdGl2YXMlM0MlMkZwJTNFJTNDJTJGYSUzRQ==[\/vc_raw_html][\/vc_column_inner][vc_column_inner width=\u00bb1\/6&#8243;][vc_raw_html css=\u00bb\u00bb]JTNDYSUyMGhyZWYlM0QlMjIlMkZlcyUyRmxhYm9yYXRvcmlvJTJGJTIzZm90b3MlMjIlMjBjbGFzcyUzRCUyMmxhYi1ib3RvLWljb25hJTIyJTNFJTBBJTIwJTIwJTNDZGl2JTIwY2xhc3MlM0QlMjJsYWItaWNvbmElMjIlM0UlMEElMjAlMjAlMjAlMjAlMjAlMjAlM0NzcGFuJTIwY2xhc3MlM0QlMjJ2Y19pY29uX2VsZW1lbnQtaWNvbiUyMGZhJTIwZmEtcmVndWxhciUyMGZhLWZpbGUtaW1hZ2UlMjIlM0UlM0MlMkZzcGFuJTNFJTBBJTIwJTIwJTIwJTIwJTIwJTIwJTIwJTIwJTIwJTIwJTNDJTJGZGl2JTNFJTNDcCUzRUZvdG9zJTNDJTJGcCUzRSUzQyUyRmElM0U=[\/vc_raw_html][\/vc_column_inner][\/vc_row_inner][vc_btn title=\u00bbP\u00eddenos cita\u00bb style=\u00bb3d\u00bb shape=\u00bbround\u00bb color=\u00bbsuccess\u00bb size=\u00bblg\u00bb align=\u00bbleft\u00bb i_icon_fontawesome=\u00bbfa fa-regular fa-calendar-check\u00bb css=\u00bb\u00bb add_icon=\u00bbtrue\u00bb link=\u00bburl:https%3A%2F%2Fwww.claraboia.coop%2Flaboratorio%2F%23cita|title:Laboratori%20de%20V%C3%ADdeo\u00bb][\/vc_column][\/vc_row][vc_row full_width=\u00bbstretch_row_content\u00bb css=\u00bb.vc_custom_1759328055199{background-color: #2d2d2d !important;}\u00bb el_id=\u00bbcontacte\u00bb][vc_column][vc_row_inner container_type=\u00bbfluid\u00bb equal_height=\u00bbyes\u00bb][vc_column_inner width=\u00bb3\/12&#8243;][vc_text_separator title=\u00bb\u00bb i_icon_fontawesome=\u00bbfas fa-map-marker-alt\u00bb i_color=\u00bbcustom\u00bb i_size=\u00bbsm\u00bb css=\u00bb.vc_custom_1693824054811{margin-bottom: 0px !important;border-bottom-width: 0px !important;padding-bottom: 0px !important;}\u00bb add_icon=\u00bbtrue\u00bb i_custom_color=\u00bb#3bb6b9&#8243; el_class=\u00bb.sense-marge-inferior\u00bb][vc_column_text css=\u00bb\u00bb el_class=\u00bb.text-en-blanc\u00bb]<\/p>\n<p style=\"text-align: center;\">Calle Dami\u00e0 Campeny, 22<br \/>\n08301 Matar\u00f3 (Barcelona)<\/p>\n<p>[\/vc_column_text][\/vc_column_inner][vc_column_inner width=\u00bb3\/12&#8243; el_id=\u00bbinici-contacte\u00bb][vc_text_separator title=\u00bb\u00bb i_icon_fontawesome=\u00bbfar fa-clock\u00bb i_color=\u00bbcustom\u00bb i_size=\u00bbsm\u00bb css=\u00bb.vc_custom_1693824047038{margin-bottom: 0px !important;border-bottom-width: 0px !important;padding-bottom: 0px !important;}\u00bb add_icon=\u00bbtrue\u00bb i_custom_color=\u00bb#3bb6b9&#8243;][vc_column_text css=\u00bb\u00bb el_class=\u00bb.text-en-blanc\u00bb]<\/p>\n<p style=\"text-align: center;\">de lunes a viernes, de 10:30 a 14h.<br \/>\nVisitas concertadas<\/p>\n<p>[\/vc_column_text][\/vc_column_inner][vc_column_inner width=\u00bb3\/12&#8243;][vc_text_separator title=\u00bb\u00bb i_icon_fontawesome=\u00bbfa fa-phone\u00bb i_color=\u00bbcustom\u00bb i_size=\u00bbsm\u00bb css=\u00bb.vc_custom_1693824039883{margin-bottom: 0px !important;border-bottom-width: 0px !important;padding-bottom: 0px !important;}\u00bb add_icon=\u00bbtrue\u00bb i_custom_color=\u00bb#3bb6b9&#8243;][vc_column_text css=\u00bb\u00bb el_class=\u00bb.text-en-blanc\u00bb]<\/p>\n<p style=\"text-align: center;\">931884016<br \/>\n<a href=\"https:\/\/web.whatsapp.com\/send?phone=34658864896&amp;text=Llamadme\" target=\"_blank\" rel=\"noopener noreferrer\">658864896 (Whatsapp)<\/a><\/p>\n<p>[\/vc_column_text][\/vc_column_inner][vc_column_inner width=\u00bb3\/12&#8243;][vc_text_separator title=\u00bb\u00bb i_icon_fontawesome=\u00bbfar fa-envelope\u00bb i_color=\u00bbcustom\u00bb i_size=\u00bbsm\u00bb css=\u00bb.vc_custom_1693824010365{margin-bottom: 0px !important;border-bottom-width: 0px !important;padding-bottom: 0px !important;}\u00bb add_icon=\u00bbtrue\u00bb i_custom_color=\u00bb#3bb6b9&#8243;][vc_column_text el_class=\u00bb.text-en-blanc\u00bb]<\/p>\n<p style=\"text-align: center;\"><a href=\"mailto:info@claraboia.coop\">info(a)claraboia.coop<\/a><\/p>\n<p>[\/vc_column_text][\/vc_column_inner][\/vc_row_inner][vc_row_inner][vc_column_inner offset=\u00bbvc_hidden-lg vc_hidden-md vc_hidden-sm vc_hidden-xs\u00bb][vc_text_separator title=\u00bb\u00bb i_icon_fontawesome=\u00bbfas fa-exclamation-triangle\u00bb i_color=\u00bbcustom\u00bb i_size=\u00bbsm\u00bb add_icon=\u00bbtrue\u00bb i_custom_color=\u00bb#3bb6b9&#8243;][vc_column_text el_class=\u00bb.text-en-blanc\u00bb]<\/p>\n<p style=\"text-align: center;\">Fins els proper <strong>7 de setembre<\/strong>, atendrem a cites concertades i respondrem a dubtes i consultes per missatges de Whatsapp o correu electr\u00f2nic.<br \/>\nGr\u00e0cies.[\/vc_column_text][\/vc_column_inner][\/vc_row_inner][vc_row_inner container_type=\u00bbfluid\u00bb][vc_column_inner width=\u00bb6\/12&#8243;][vc_raw_html css=\u00bb\u00bb]JTNDaWZyYW1lJTIwd2lkdGglM0QlMjIxMDAlMjUlMjIlMjBoZWlnaHQlM0QlMjI0MDAlMjIlMjBmcmFtZWJvcmRlciUzRCUyMjAlMjIlMjBzY3JvbGxpbmclM0QlMjJubyUyMiUyMG1hcmdpbmhlaWdodCUzRCUyMjAlMjIlMjBtYXJnaW53aWR0aCUzRCUyMjAlMjIlMjBzcmMlM0QlMjJodHRwcyUzQSUyRiUyRnd3dy5vcGVuc3RyZWV0bWFwLm9yZyUyRmV4cG9ydCUyRmVtYmVkLmh0bWwlM0ZiYm94JTNEMi40NDA1NTI3MTE0ODY4MTclMjUyQzQxLjUzMTcyODE3ODYzNDIyNSUyNTJDMi40NTM2MjA0MzM4MDczNzM1JTI1MkM0MS41NDA3MDY3NTU4MzU5MyUyNmFtcCUzQmxheWVyJTNEbWFwbmlrJTI2YW1wJTNCbWFya2VyJTNENDEuNTM2MjE3NjIzMDMzODM1JTI1MkMyLjQ0NzA4NjU3MjY0NzA5NDclMjIlM0UlM0MlMkZpZnJhbWUlM0UlMEElMDklMDk=[\/vc_raw_html][\/vc_column_inner][vc_column_inner width=\u00bb6\/12&#8243; css=\u00bb.vc_custom_1759330242698{margin-left: 0px !important;border-left-width: 0px !important;padding-left: 0px !important;}\u00bb][lab_contact_form name_title=\u00bbNombre\u00bb email_title=\u00bbCorreo electr\u00f3nico\u00bb message_title=\u00bbMensaje\u00bb show_subject_field=\u00bb\u00bb submit_title=\u00bbEnviar\u00bb submit_success=\u00bb\u00a1Mensaje recibido!\u00bb alert_errors=\u00bb\u00bb enable_recaptcha=\u00bbyes\u00bb el_class=\u00bb.text_en_blanc\u00bb privacy_policy_text=\u00bb#E-8_VXRpbGl6YW5kbyUyMGVzdGUlMjBmb3JtdWxhcmlvJTIwZGFtb3MlMjBwb3IlMjBzZW50YWRvJTIwcXVlJTIwaGFzJTIwbGUlQzMlQURkbyUyMHklMjBhY2VwdGFkbyUyMG51ZXN0cmElMjAlM0NhJTIwaHJlZiUzRCUyNyUyN2h0dHBzJTNBJTJGJTJGd3d3LmNsYXJhYm9pYS5jb29wJTJGZXMlMkZhdmlzby1sZWdhbCUyRiUyNyUyMHRhcmdldCUzRCUyN19ibGFuayUyNyUzRVBvbCVDMyVBRHRpY2ElMjBkZSUyMFByaXZhY2lkYWQlM0MlMkZhJTNFLg==\u00bb][\/vc_column_inner][\/vc_row_inner][\/vc_column][\/vc_row]<\/p>\n<\/div>","protected":false},"excerpt":{"rendered":"<p>[vc_row full_width=\u00bbstretch_row_content\u00bb full_height=\u00bbyes\u00bb columns_placement=\u00bbbottom\u00bb content_placement=\u00bbtop\u00bb parallax=\u00bbcontent-moving\u00bb parallax_image=\u00bb8452&#8243; css=\u00bb.vc_custom_1758196017553{background-color: #2b2b2b !important;}\u00bb el_class=\u00bbcap\u00bb][vc_column][vc_empty_space height=\u00bb15vw\u00bb][vc_column_text css=\u00bb\u00bb el_class=\u00bb.text-en-blanc\u00bb] Somos la cooperativa del v\u00eddeo Desde 2010, ofreciendo servicios de soporte y producci\u00f3n audiovisual, streaming, podcasting y laboratorio de v\u00eddeo. Desde Matar\u00f3, para las provincias de Barcelona y Girona. [\/vc_column_text][vc_empty_space height=\u00bb15vw\u00bb][\/vc_column][\/vc_row][vc_row full_width=\u00bbstretch_row_content_no_spaces\u00bb content_placement=\u00bbbottom\u00bb parallax=\u00bbcontent-moving\u00bb parallax_image=\u00bb8185&#8243; css=\u00bb.vc_custom_1758753877636{margin-bottom: 0px !important;border-bottom-width: 0px !important;padding-bottom: 0px&hellip;<\/p>\n","protected":false},"author":1,"featured_media":0,"parent":0,"menu_order":0,"comment_status":"closed","ping_status":"closed","template":"","meta":{"_acf_changed":false,"footnotes":""},"class_list":["post-6131","page","type-page","status-publish","hentry"],"acf":[],"_links":{"self":[{"href":"https:\/\/www.claraboia.coop\/es\/wp-json\/wp\/v2\/pages\/6131","targetHints":{"allow":["GET"]}}],"collection":[{"href":"https:\/\/www.claraboia.coop\/es\/wp-json\/wp\/v2\/pages"}],"about":[{"href":"https:\/\/www.claraboia.coop\/es\/wp-json\/wp\/v2\/types\/page"}],"author":[{"embeddable":true,"href":"https:\/\/www.claraboia.coop\/es\/wp-json\/wp\/v2\/users\/1"}],"replies":[{"embeddable":true,"href":"https:\/\/www.claraboia.coop\/es\/wp-json\/wp\/v2\/comments?post=6131"}],"version-history":[{"count":5,"href":"https:\/\/www.claraboia.coop\/es\/wp-json\/wp\/v2\/pages\/6131\/revisions"}],"predecessor-version":[{"id":11738,"href":"https:\/\/www.claraboia.coop\/es\/wp-json\/wp\/v2\/pages\/6131\/revisions\/11738"}],"wp:attachment":[{"href":"https:\/\/www.claraboia.coop\/es\/wp-json\/wp\/v2\/media?parent=6131"}],"curies":[{"name":"wp","href":"https:\/\/api.w.org\/{rel}","templated":true}]}}