{"id":6137,"date":"2011-11-25T15:50:32","date_gmt":"2011-11-25T15:50:32","guid":{"rendered":"https:\/\/www.claraboia.coop\/?page_id=6137"},"modified":"2026-04-18T14:28:51","modified_gmt":"2026-04-18T14:28:51","slug":"rt15m","status":"publish","type":"page","link":"https:\/\/www.claraboia.coop\/es\/rt15m\/","title":{"rendered":"Llibre RT#15M"},"content":{"rendered":"<div class=\"wpb-content-wrapper\"><p>[vc_row full_width=\u00bbstretch_row\u00bb parallax=\u00bbcontent-moving-fade\u00bb parallax_image=\u00bb4988&#8243; css=\u00bb.vc_custom_1550597797823{background-position: 0 0;background-repeat:-repeat !important;}\u00bb][vc_column][vc_empty_space height=\u00bb450px\u00bb][\/vc_column][\/vc_row][vc_row full_width=\u00bbstretch_row\u00bb css=\u00bb.vc_custom_1548677316299{background-image: url(https:\/\/www.claraboia.coop\/wp-content\/uploads\/2019\/01\/back.jpg?id=4281) !important;}\u00bb][vc_column el_class=\u00bbtextnegre\u00bb][vc_column_text css=\u00bb\u00bb]<div class=\"cb-video horizontal\" style=\"position:relative;padding-bottom:56.25%;height:0;\">\n                    <iframe\n                        src=\"https:\/\/player.vimeo.com\/video\/38451127?autoplay=0\"\n                        style=\"position:absolute;top:0;left:0;width:100%;height:100%;\"\n                        frameborder=\"0\"\n                        allowfullscreen>\n                    <\/iframe>\n                <\/div>[\/vc_column_text][vc_row_inner][vc_column_inner width=\u00bb3\/4&#8243;][vc_column_text]El libro RT # 15M es, en diferentes sentidos, mucho m\u00e1s que un libro de fotograf\u00edas del movimiento 15M. Con este libro de tweets y fotograf\u00edas, el grupo editor RT # 15M, hemos querido documentar una peque\u00f1a parte de todo el material que, debida la celeridad y fugacidad de la red, corr\u00eda el riesgo de perderse entre los bites, sin querer pero interpretar el que pas\u00f3 entre el 15 de mayo y el 19 de junio de 2011.[\/vc_column_text][\/vc_column_inner][vc_column_inner width=\u00bb1\/4&#8243;][\/vc_column_inner][\/vc_row_inner][vc_row_inner][vc_column_inner width=\u00bb1\/4&#8243;][vc_separator][vc_column_text]<\/p>\n<h3 style=\"text-align: right;\">Puedes comprarlo en:<\/h3>\n<p>[\/vc_column_text][\/vc_column_inner][vc_column_inner width=\u00bb2\/4&#8243;][vc_column_text]Puedes comprarlo en:<\/p>\n<ul>\n<li>Claraboia (calleDami\u00e0 Campeny, 22, Matar\u00f3) <a href=\"https:\/\/www.claraboia.coop\/#contacte\">aqu\u00ed<\/a>.<\/li>\n<li>La Ciutat Invisible (<span class=\"LrzXr\">calle de Riego, 35, Barcelona)<\/span><\/li>\n<\/ul>\n<p>[\/vc_column_text][vc_btn title=\u00bbCompra on-line\u00bb color=\u00bbjuicy-pink\u00bb align=\u00bbcenter\u00bb i_icon_fontawesome=\u00bbfa fa-shopping-cart\u00bb add_icon=\u00bbtrue\u00bb link=\u00bburl:https%3A%2F%2Fwww.invisible.coop%2Fmoviments-socials%2F11685-rt15m.html|title:Compra%20on-line!||\u00bb][\/vc_column_inner][vc_column_inner width=\u00bb1\/4&#8243;][\/vc_column_inner][\/vc_row_inner][\/vc_column][\/vc_row]<\/p>\n<\/div>","protected":false},"excerpt":{"rendered":"<p>[vc_row full_width=\u00bbstretch_row\u00bb parallax=\u00bbcontent-moving-fade\u00bb parallax_image=\u00bb4988&#8243; css=\u00bb.vc_custom_1550597797823{background-position: 0 0;background-repeat:-repeat !important;}\u00bb][vc_column][vc_empty_space height=\u00bb450px\u00bb][\/vc_column][\/vc_row][vc_row full_width=\u00bbstretch_row\u00bb css=\u00bb.vc_custom_1548677316299{background-image: url(https:\/\/www.claraboia.coop\/wp-content\/uploads\/2019\/01\/back.jpg?id=4281) !important;}\u00bb][vc_column el_class=\u00bbtextnegre\u00bb][vc_column_text css=\u00bb\u00bb][\/vc_column_text][vc_row_inner][vc_column_inner width=\u00bb3\/4&#8243;][vc_column_text]El libro RT # 15M es, en diferentes sentidos, mucho m\u00e1s que un libro de fotograf\u00edas del movimiento 15M. Con este libro de tweets y fotograf\u00edas, el grupo editor RT # 15M, hemos querido documentar una peque\u00f1a parte de todo&hellip;<\/p>\n","protected":false},"author":1,"featured_media":0,"parent":0,"menu_order":5,"comment_status":"open","ping_status":"closed","template":"","meta":{"_acf_changed":false,"footnotes":""},"class_list":["post-6137","page","type-page","status-publish","hentry"],"acf":[],"_links":{"self":[{"href":"https:\/\/www.claraboia.coop\/es\/wp-json\/wp\/v2\/pages\/6137","targetHints":{"allow":["GET"]}}],"collection":[{"href":"https:\/\/www.claraboia.coop\/es\/wp-json\/wp\/v2\/pages"}],"about":[{"href":"https:\/\/www.claraboia.coop\/es\/wp-json\/wp\/v2\/types\/page"}],"author":[{"embeddable":true,"href":"https:\/\/www.claraboia.coop\/es\/wp-json\/wp\/v2\/users\/1"}],"replies":[{"embeddable":true,"href":"https:\/\/www.claraboia.coop\/es\/wp-json\/wp\/v2\/comments?post=6137"}],"version-history":[{"count":1,"href":"https:\/\/www.claraboia.coop\/es\/wp-json\/wp\/v2\/pages\/6137\/revisions"}],"predecessor-version":[{"id":11558,"href":"https:\/\/www.claraboia.coop\/es\/wp-json\/wp\/v2\/pages\/6137\/revisions\/11558"}],"wp:attachment":[{"href":"https:\/\/www.claraboia.coop\/es\/wp-json\/wp\/v2\/media?parent=6137"}],"curies":[{"name":"wp","href":"https:\/\/api.w.org\/{rel}","templated":true}]}}