{"id":6143,"date":"2012-12-13T16:05:25","date_gmt":"2012-12-13T16:05:25","guid":{"rendered":"https:\/\/www.claraboia.coop\/?page_id=6143"},"modified":"2026-02-09T21:27:03","modified_gmt":"2026-02-09T21:27:03","slug":"streaming","status":"publish","type":"page","link":"https:\/\/www.claraboia.coop\/es\/streaming\/","title":{"rendered":"Streaming"},"content":{"rendered":"<div class=\"wpb-content-wrapper\"><p>[vc_row full_width=\u00bbstretch_row_content\u00bb parallax=\u00bbcontent-moving-fade\u00bb parallax_image=\u00bb9529&#8243; el_class=\u00bbcap\u00bb][vc_column][vc_empty_space height=\u00bb7vw\u00bb][vc_column_text css=\u00bb\u00bb el_class=\u00bb.text-en-blanc\u00bb]<\/p>\n<h1 style=\"text-align: center;\">Streaming<\/h1>\n<p>[\/vc_column_text][vc_empty_space height=\u00bb7vw\u00bb][\/vc_column][\/vc_row][vc_row full_width=\u00bbstretch_row_content\u00bb css=\u00bb.vc_custom_1760464550561{padding-top: 20px !important;}\u00bb][vc_column css=\u00bb.vc_custom_1746453226751{margin-bottom: 1rem !important;}\u00bb][vc_column_text css=\u00bb\u00bb el_class=\u00bbtext-centrat\u00bb]<\/p>\n<h2>\u00bfC\u00f3mo es su evento? \u00a1Nos amoldamos!<\/h2>\n<p>Ofrecemos soluciones de streaming en directo para la retransmisi\u00f3n de eventos, conferencias y seminarios web, garantizando una experiencia fluida y de alta calidad en cualquier dispositivo. Prestamos servicios en las provincias de Barcelona y Girona.[\/vc_column_text][vc_row_inner equal_height=\u00bbyes\u00bb content_placement=\u00bbtop\u00bb gap=\u00bb10&#8243; css=\u00bb.vc_custom_1760464760428{margin-bottom: 20px !important;}\u00bb][vc_column_inner width=\u00bb1\/3&#8243; css=\u00bb.vc_custom_1760462992493{background-color: #FFFFFFB5 !important;border-radius: 10px !important;}\u00bb][vc_icon type=\u00bbfontawesome\u00bb icon_fontawesome=\u00bbfas fa-school\u00bb size=\u00bblg\u00bb align=\u00bbcenter\u00bb css=\u00bb.vc_custom_1741647340188{margin-top: 0px !important;margin-bottom: 0px !important;border-top-width: 0px !important;border-bottom-width: 0px !important;padding-top: 0px !important;padding-bottom: 0px !important;}\u00bb][vc_column_text css=\u00bb\u00bb el_class=\u00bbtext-centrat\u00bb]<\/p>\n<h3>Presencial<\/h3>\n<p>Ponentes y p\u00fablico presencial con realizaci\u00f3n audiovisual en directo.[\/vc_column_text][\/vc_column_inner][vc_column_inner width=\u00bb1\/3&#8243; css=\u00bb.vc_custom_1760463001966{background-color: #FFFFFFB5 !important;border-radius: 10px !important;}\u00bb][vc_icon type=\u00bbfontawesome\u00bb icon_fontawesome=\u00bbfas fa-laptop\u00bb size=\u00bblg\u00bb align=\u00bbcenter\u00bb css=\u00bb.vc_custom_1741647109811{margin-top: 0px !important;margin-bottom: 0px !important;border-top-width: 0px !important;border-bottom-width: 0px !important;padding-top: 0px !important;padding-bottom: 0px !important;}\u00bb][vc_column_text css=\u00bb\u00bb el_class=\u00bbtext-centrat\u00bb]<\/p>\n<h3>Virtual<\/h3>\n<p>Evento telem\u00e1tico con p\u00fablico y ponentes conectados.[\/vc_column_text][\/vc_column_inner][vc_column_inner width=\u00bb1\/3&#8243; css=\u00bb.vc_custom_1760463888895{background-color: #FFFFFFB5 !important;border-radius: 10px !important;}\u00bb][vc_icon type=\u00bbfontawesome\u00bb icon_fontawesome=\u00bbfas fa-sync-alt\u00bb size=\u00bblg\u00bb align=\u00bbcenter\u00bb css=\u00bb.vc_custom_1741647078266{margin-top: 0px !important;margin-bottom: 0px !important;border-top-width: 0px !important;border-bottom-width: 0px !important;padding-top: 0px !important;padding-bottom: 0px !important;}\u00bb][vc_column_text css=\u00bb\u00bb el_class=\u00bbtext-centrat\u00bb]<\/p>\n<h3>Hybrid<\/h3>\n<p>Combina el acto presencial con la participaci\u00f3n de ponentes remotos.[\/vc_column_text][\/vc_column_inner][\/vc_row_inner][vc_row_inner][vc_column_inner width=\u00bb1\/12&#8243;][\/vc_column_inner][vc_column_inner width=\u00bb5\/12&#8243;][vc_btn title=\u00bbVer ejemplos\u00bb style=\u00bb3d\u00bb shape=\u00bbround\u00bb color=\u00bbsuccess\u00bb size=\u00bblg\u00bb align=\u00bbright\u00bb i_icon_fontawesome=\u00bbfa fa-solid fa-eye\u00bb css=\u00bb\u00bb add_icon=\u00bbtrue\u00bb link=\u00bburl:%23exemples\u00bb][\/vc_column_inner][vc_column_inner width=\u00bb5\/12&#8243;][vc_btn title=\u00bb\u00a1P\u00eddenos presupuesto!\u00bb style=\u00bb3d\u00bb shape=\u00bbround\u00bb color=\u00bbsuccess\u00bb size=\u00bblg\u00bb align=\u00bbleft\u00bb i_icon_fontawesome=\u00bbfa fa-solid fa-pen-nib\u00bb css=\u00bb\u00bb add_icon=\u00bbtrue\u00bb link=\u00bburl:%23contacte\u00bb][\/vc_column_inner][vc_column_inner width=\u00bb1\/12&#8243;][\/vc_column_inner][\/vc_row_inner][\/vc_column][\/vc_row][vc_row full_width=\u00bbstretch_row_content\u00bb css=\u00bb.vc_custom_1760463027676{margin-top: 1rem !important;padding-top: 1rem !important;background-color: #FFFFFFB5 !important;}\u00bb][vc_column][vc_column_text css=\u00bb\u00bb]<\/p>\n<h2 style=\"text-align: center;\">Servicios adicionales<\/h2>\n<p>[\/vc_column_text][vc_row_inner container_type=\u00bbfluid\u00bb][vc_column_inner width=\u00bb3\/12&#8243;][vc_icon type=\u00bbfontawesome\u00bb icon_fontawesome=\u00bbfa fa-solid fa-tv\u00bb size=\u00bblg\u00bb align=\u00bbcenter\u00bb css=\u00bb.vc_custom_1746449336247{margin-top: 0px !important;margin-bottom: 0px !important;border-top-width: 0px !important;border-bottom-width: 0px !important;padding-top: 0px !important;padding-bottom: 0px !important;}\u00bb][vc_column_text css=\u00bb\u00bb]<\/p>\n<h3 style=\"texto-align: center;\">Se\u00f1al Realizada<\/h3>\n<p style=\"text-align: center;\">La producci\u00f3n audiovisual se puede proyectar en pantallas y proyectores dentro del evento o en salas anexas.<\/p>\n<p>[\/vc_column_text][\/vc_column_inner][vc_column_inner width=\u00bb3\/12&#8243;][vc_icon type=\u00bbfontawesome\u00bb icon_fontawesome=\u00bbfa fa-solid fa-unlock-keyhole\u00bb size=\u00bblg\u00bb align=\u00bbcenter\u00bb css=\u00bb.vc_custom_1746449245238{margin-top: 0px !important;margin-bottom: 0px !important;border-top-width: 0px !important;border-bottom-width: 0px !important;padding-top: 0px !important;padding-bottom: 0px !important;}\u00bb][vc_column_text css=\u00bb\u00bb]<\/p>\n<h3 style=\"text-align: center;\">Emisiones restringidas<\/h3>\n<p style=\"text-align: center;\">Streamings p\u00fablicos o privados, con gesti\u00f3n de accesos y moderaci\u00f3n de comentarios.<\/p>\n<p>[\/vc_column_text][\/vc_column_inner][vc_column_inner width=\u00bb3\/12&#8243;][vc_icon type=\u00bbfontawesome\u00bb icon_fontawesome=\u00bbfa fa-solid fa-earth-americas\u00bb size=\u00bblg\u00bb align=\u00bbcenter\u00bb css=\u00bb.vc_custom_1746449229140{margin-bottom: 0px !important;}\u00bb][vc_column_text css=\u00bb\u00bb]<\/p>\n<h3 style=\"texto-align: center;\">Multiplataforma<\/h3>\n<p style=\"text-align: center;\">Enviamos la se\u00f1al simult\u00e1neamente a diversas plataformas y dispositivos, garantizando la m\u00e1xima difusi\u00f3n y alcance.<\/p>\n<p>[\/vc_column_text][\/vc_column_inner][vc_column_inner width=\u00bb3\/12&#8243;][vc_icon type=\u00bbfontawesome\u00bb icon_fontawesome=\u00bbfa fa-solid fa-hands-asl-interpreting\u00bb size=\u00bblg\u00bb align=\u00bbcenter\u00bb css=\u00bb.vc_custom_1746449435722{margin-top: 0px !important;margin-bottom: 0px !important;border-top-width: 0px !important;border-bottom-width: 0px !important;padding-top: 0px !important;padding-bottom: 0px !important;}\u00bb][vc_column_text css=\u00bb\u00bb]<\/p>\n<h3 style=\"text-align: center;\">Accesibilidad<\/h3>\n<p style=\"text-align: center;\">Incorporamos subtitulaci\u00f3n en directo e int\u00e9rpretes de lengua de signos para garantizar la inclusi\u00f3n de todos los p\u00fablicos.<\/p>\n<p>[\/vc_column_text][\/vc_column_inner][\/vc_row_inner][\/vc_column][\/vc_row][vc_row][vc_column css=\u00bb.vc_custom_1746450577495{margin-top: 2rem !important;}\u00bb][vc_column_text css=\u00bb\u00bb]<\/p>\n<h2 style=\"text-align: center;\">Infraestructura Profesional<\/h2>\n<p>[\/vc_column_text][vc_row_inner][vc_column_inner width=\u00bb1\/3&#8243;][vc_icon type=\u00bbfontawesome\u00bb icon_fontawesome=\u00bbfas fa-video\u00bb color=\u00bbwhite\u00bb size=\u00bblg\u00bb align=\u00bbcenter\u00bb css=\u00bb.vc_custom_1741646715303{margin-top: 0px !important;margin-bottom: 0px !important;border-top-width: 0px !important;border-bottom-width: 0px !important;padding-top: 0px !important;padding-bottom: 0px !important;}\u00bb][vc_column_text css=\u00bb\u00bb]<\/p>\n<h3>C\u00e1maras Broadcast y Robotizadas<\/h3>\n<p>Empleamos c\u00e1maras de hasta 4K y est\u00e1ndares broadcast, as\u00ed como c\u00e1maras robotizadas que permiten una cobertura eficiente con m\u00ednima interferencia y menor presencia de operadores, mejorando la experiencia del p\u00fablico.[\/vc_column_text][\/vc_column_inner][vc_column_inner width=\u00bb1\/3&#8243;][vc_icon type=\u00bbfontawesome\u00bb icon_fontawesome=\u00bbfas fa-link\u00bb color=\u00bbwhite\u00bb size=\u00bblg\u00bb align=\u00bbcenter\u00bb css=\u00bb.vc_custom_1741646715303{margin-top: 0px !important;margin-bottom: 0px !important;border-top-width: 0px !important;border-bottom-width: 0px !important;padding-top: 0px !important;padding-bottom: 0px !important;}\u00bb][vc_column_text css=\u00bb\u00bb]<\/p>\n<h3>Connectividad Profesional<\/h3>\n<p>Empleamos cableado HD-SDI, asegurando una transmisi\u00f3n estable, de alta resoluci\u00f3n y sin p\u00e9rdidas de calidad, evitando conexiones convencionales como HDMI o v\u00eddeo compuesto.[\/vc_column_text][\/vc_column_inner][vc_column_inner width=\u00bb1\/3&#8243;][vc_icon type=\u00bbfontawesome\u00bb icon_fontawesome=\u00bbfas fa-compact-disc\u00bb color=\u00bbwhite\u00bb size=\u00bblg\u00bb align=\u00bbcenter\u00bb css=\u00bb.vc_custom_1741646715303{margin-top: 0px !important;margin-bottom: 0px !important;border-top-width: 0px !important;border-bottom-width: 0px !important;padding-top: 0px !important;padding-bottom: 0px !important;}\u00bb][vc_column_text css=\u00bb\u00bb]<\/p>\n<h3>Grabaci\u00f3n Profesional<\/h3>\n<p>Capturamos el evento en formatos \u00f3ptimos tanto para retransmisi\u00f3n online (MP4) como para edici\u00f3n de alta calidad (ProRes HQ 422, DNxHD).[\/vc_column_text][\/vc_column_inner][\/vc_row_inner][\/vc_column][\/vc_row][vc_row full_width=\u00bbstretch_row\u00bb content_placement=\u00bbbottom\u00bb][vc_column][vc_row_inner content_placement=\u00bbbottom\u00bb][vc_column_inner width=\u00bb1\/2&#8243;][vc_column_text css=\u00bb\u00bb]<\/p>\n<h3>Unidad M\u00f3vil Ligera<\/h3>\n<p>Un sistema compacto y eficiente que gestiona la mezcla de audio, v\u00eddeo, r\u00f3tulos, presentaciones y otros elementos gr\u00e1ficos en tiempo real.[\/vc_column_text][vc_single_image image=\u00bb8269&#8243; img_size=\u00bbfull\u00bb alignment=\u00bbcenter\u00bb css_animation=\u00bbnone\u00bb css=\u00bb\u00bb][\/vc_column_inner][vc_column_inner width=\u00bb1\/2&#8243;][vc_single_image image=\u00bb8264&#8243; img_size=\u00bbfull\u00bb alignment=\u00bbright\u00bb css_animation=\u00bbnone\u00bb css=\u00bb.vc_custom_1746517830183{margin-bottom: 0px !important;border-bottom-width: 0px !important;padding-bottom: 0px !important;}\u00bb][\/vc_column_inner][\/vc_row_inner][\/vc_column][\/vc_row][vc_row full_width=\u00bbstretch_row_content\u00bb css=\u00bb.vc_custom_1760464784086{padding-bottom: 1px !important;background-color: #3BB6B98C !important;}\u00bb el_id=\u00bbcomhofem\u00bb][vc_column el_class=\u00bbtextnegre\u00bb][vc_row_inner content_placement=\u00bbmiddle\u00bb][vc_column_inner width=\u00bb1\/12&#8243;][\/vc_column_inner][vc_column_inner width=\u00bb5\/12&#8243;][vc_column_text css=\u00bb\u00bb]<\/p>\n<h2>\u00bfC\u00f3mo lo hacemos?<\/h2>\n<p>Cada proyecto es \u00fanico y diferente, pero habitualmente trabajamos con estos factores que condicionan el proyecto presupuestariamente:[\/vc_column_text][vc_btn title=\u00bbParlem-ne!\u00bb style=\u00bb3d\u00bb shape=\u00bbround\u00bb color=\u00bbsuccess\u00bb size=\u00bblg\u00bb align=\u00bbcenter\u00bb i_icon_fontawesome=\u00bbfa fa-solid fa-phone-volume\u00bb css=\u00bb\u00bb add_icon=\u00bbtrue\u00bb link=\u00bburl:%23contacte|title:Parlem-ne!\u00bb][\/vc_column_inner][vc_column_inner width=\u00bb5\/12&#8243;][vc_column_text css=\u00bb\u00bb]<\/p>\n<ul>\n<li>N\u00famero de t\u00e9cnicas y operadoras<\/li>\n<li>Horas o jornadas de ensayos y retransmisi\u00f3n<\/li>\n<li>N\u00famero de c\u00e1maras<\/li>\n<li>Int\u00e9rpretes de lengua de signos<\/li>\n<li>Subtitulaci\u00f3n en tiempo real<\/li>\n<li>Dietas y desplazamientos<\/li>\n<\/ul>\n<p>[\/vc_column_text][\/vc_column_inner][vc_column_inner width=\u00bb1\/12&#8243;][\/vc_column_inner][\/vc_row_inner][\/vc_column][\/vc_row][vc_row full_width=\u00bbstretch_row_content_no_spaces\u00bb css=\u00bb.vc_custom_1760464692446{background-color: #00000030 !important;}\u00bb el_id=\u00bbexemples\u00bb][vc_column el_class=\u00bbtextnegre\u00bb][vc_column_text css=\u00bb\u00bb el_class=\u00bbtext-centrat\u00bb]<\/p>\n<h2 class=\"heading-caixa\">Nuestros \u00faltimos streamings<\/h2>\n<p>[\/vc_column_text][lab_portfolio_items category_filter=\u00bbno\u00bb portfolio_type=\u00bbtype-2&#8243; portfolio_spacing=\u00bbno\u00bb more_link=\u00bburl:http%3A%2F%2Fwww.claraboia.coop%2F%3Fportfolio_category%3Dportfolio|||\u00bb portfolio_query=\u00bbsize:9|order_by:date|order:DESC|post_type:portfolio|tax_query:12&#8243;][vc_btn title=\u00bbVer el portfolio\u00bb style=\u00bb3d\u00bb shape=\u00bbround\u00bb color=\u00bbsuccess\u00bb size=\u00bblg\u00bb align=\u00bbcenter\u00bb i_icon_fontawesome=\u00bbfa fa-solid fa-folder-open\u00bb css=\u00bb\u00bb add_icon=\u00bbtrue\u00bb link=\u00bburl:https%3A%2F%2Fwww.claraboia.coop%2Fes%2Fportfoli%2Fstreaming-es%2F|title:Ver%20todo\u00bb][\/vc_column][\/vc_row][vc_row full_width=\u00bbstretch_row_content_no_spaces\u00bb css=\u00bb.vc_custom_1770586355685{padding-top: 1rem !important;background-color: #2d2d2d !important;}\u00bb el_id=\u00bbcontacte\u00bb][vc_column width=\u00bb1\/2&#8243; css=\u00bb.vc_custom_1770586185329{padding-top: 2rem !important;padding-right: 2rem !important;padding-left: 2rem !important;}\u00bb][vc_column_text css=\u00bb\u00bb el_class=\u00bb.text-en-blanc\u00bb]<\/p>\n<h3>\u00bfQuieres saber m\u00e1s o tienes alguna duda?<\/h3>\n<p>Estaremos encantadas de leerte. Rellena el formulario y te responderemos tan pronto como nos sea posible. Te acompa\u00f1aremos en todo el proceso para ofrecerte la mejor soluci\u00f3n adaptada a tus necesidades.[\/vc_column_text][vc_row_inner container_type=\u00bbfluid\u00bb equal_height=\u00bbyes\u00bb content_placement=\u00bbtop\u00bb gap=\u00bb10&#8243; css=\u00bb.vc_custom_1770586454986{padding-right: 2rem !important;padding-left: 2rem !important;}\u00bb][vc_column_inner width=\u00bb1\/2&#8243;][vc_text_separator title=\u00bb\u00bb i_icon_fontawesome=\u00bbfa fa-solid fa-phone-volume\u00bb i_color=\u00bbcustom\u00bb css=\u00bb.vc_custom_1746516313114{margin-bottom: 0px !important;border-bottom-width: 0px !important;padding-bottom: 0px !important;}\u00bb add_icon=\u00bbtrue\u00bb i_custom_color=\u00bb#3bb6b9&#8243;][vc_column_text css=\u00bb\u00bb el_class=\u00bb.interlineado-home\u00bb]<\/p>\n<p style=\"text-align: center;\"><a href=\"tel:+34931884016\">931884016<\/a><br \/>\n<a href=\"https:\/\/web.whatsapp.com\/send?phone=34658864896&amp;text=Truqueu-me\" target=\"_blank\" rel=\"noopener noreferrer\">658864896 (Whatsapp)<\/a><\/p>\n<p>[\/vc_column_text][\/vc_column_inner][vc_column_inner width=\u00bb1\/2&#8243;][vc_text_separator title=\u00bb\u00bb i_icon_fontawesome=\u00bbfa fa-regular fa-envelope\u00bb i_color=\u00bbcustom\u00bb css=\u00bb.vc_custom_1746516304362{margin-bottom: 0px !important;border-bottom-width: 0px !important;padding-bottom: 0px !important;}\u00bb add_icon=\u00bbtrue\u00bb i_custom_color=\u00bb#3bb6b9&#8243;][vc_column_text css=\u00bb.vc_custom_1746516170412{margin-top: 0px !important;border-top-width: 0px !important;padding-top: 0px !important;}\u00bb el_class=\u00bb.interlineado-home\u00bb]<\/p>\n<p style=\"text-align: center;\"><a href=\"mailto:info@claraboia.coop\">info(a)claraboia.coop<\/a><\/p>\n<p>[\/vc_column_text][\/vc_column_inner][\/vc_row_inner][\/vc_column][vc_column width=\u00bb1\/2&#8243; css=\u00bb.vc_custom_1770586170121{padding-top: 2rem !important;padding-right: 2rem !important;padding-bottom: 2rem !important;padding-left: 2rem !important;}\u00bb][lab_contact_form name_title=\u00bbNombre\u00bb email_title=\u00bbCorreo electr\u00f3nico\u00bb message_title=\u00bbMensaje\u00bb show_subject_field=\u00bb\u00bb submit_title=\u00bbEnviar\u00bb submit_success=\u00bb\u00a1Mensaje recibido!\u00bb alert_errors=\u00bb\u00bb enable_recaptcha=\u00bbyes\u00bb el_class=\u00bb.text_en_blanc\u00bb privacy_policy_text=\u00bb#E-8_VXRpbGl6YW5kbyUyMGVzdGUlMjBmb3JtdWxhcmlvJTIwZGFtb3MlMjBwb3IlMjBzZW50YWRvJTIwcXVlJTIwaGFzJTIwbGUlQzMlQURkbyUyMHklMjBhY2VwdGFkbyUyMG51ZXN0cmElMjAlM0NhJTIwaHJlZiUzRCUyN2h0dHBzJTNBJTJGJTJGd3d3LmNsYXJhYm9pYS5jb29wJTJGZXMlMkZhdmlzby1sZWdhbCUyRiUyNyUyMHRhcmdldCUzRCUyN19ibGFuayUyNyUzRVBvbCVDMyVBRHRpY2ElMjBkZSUyMFByaXZhY2lkYWQlM0MlMkZhJTNFLg==\u00bb email_receiver=\u00bbclaraboia@claraboia.net\u00bb][\/vc_column][\/vc_row]<\/p>\n<\/div>","protected":false},"excerpt":{"rendered":"<p>[vc_row full_width=\u00bbstretch_row_content\u00bb parallax=\u00bbcontent-moving-fade\u00bb parallax_image=\u00bb9529&#8243; el_class=\u00bbcap\u00bb][vc_column][vc_empty_space height=\u00bb7vw\u00bb][vc_column_text css=\u00bb\u00bb el_class=\u00bb.text-en-blanc\u00bb] Streaming [\/vc_column_text][vc_empty_space height=\u00bb7vw\u00bb][\/vc_column][\/vc_row][vc_row full_width=\u00bbstretch_row_content\u00bb css=\u00bb.vc_custom_1760464550561{padding-top: 20px !important;}\u00bb][vc_column css=\u00bb.vc_custom_1746453226751{margin-bottom: 1rem !important;}\u00bb][vc_column_text css=\u00bb\u00bb el_class=\u00bbtext-centrat\u00bb] \u00bfC\u00f3mo es su evento? \u00a1Nos amoldamos! Ofrecemos soluciones de streaming en directo para la retransmisi\u00f3n de eventos, conferencias y seminarios web, garantizando una experiencia fluida y de alta calidad en cualquier dispositivo. Prestamos servicios en&hellip;<\/p>\n","protected":false},"author":1,"featured_media":0,"parent":0,"menu_order":0,"comment_status":"open","ping_status":"closed","template":"","meta":{"_acf_changed":false,"footnotes":""},"class_list":["post-6143","page","type-page","status-publish","hentry"],"acf":[],"_links":{"self":[{"href":"https:\/\/www.claraboia.coop\/es\/wp-json\/wp\/v2\/pages\/6143","targetHints":{"allow":["GET"]}}],"collection":[{"href":"https:\/\/www.claraboia.coop\/es\/wp-json\/wp\/v2\/pages"}],"about":[{"href":"https:\/\/www.claraboia.coop\/es\/wp-json\/wp\/v2\/types\/page"}],"author":[{"embeddable":true,"href":"https:\/\/www.claraboia.coop\/es\/wp-json\/wp\/v2\/users\/1"}],"replies":[{"embeddable":true,"href":"https:\/\/www.claraboia.coop\/es\/wp-json\/wp\/v2\/comments?post=6143"}],"version-history":[{"count":0,"href":"https:\/\/www.claraboia.coop\/es\/wp-json\/wp\/v2\/pages\/6143\/revisions"}],"wp:attachment":[{"href":"https:\/\/www.claraboia.coop\/es\/wp-json\/wp\/v2\/media?parent=6143"}],"curies":[{"name":"wp","href":"https:\/\/api.w.org\/{rel}","templated":true}]}}