{"id":6946,"date":"2023-09-04T09:56:09","date_gmt":"2023-09-04T09:56:09","guid":{"rendered":"https:\/\/www.claraboia.coop\/?page_id=6946"},"modified":"2026-02-07T21:23:40","modified_gmt":"2026-02-07T21:23:40","slug":"productora","status":"publish","type":"page","link":"https:\/\/www.claraboia.coop\/es\/productora\/","title":{"rendered":"Producci\u00f3n Audiovisual"},"content":{"rendered":"<div class=\"wpb-content-wrapper\"><p>[vc_row full_width=\u00bbstretch_row\u00bb parallax=\u00bbcontent-moving-fade\u00bb parallax_image=\u00bb5661&#8243; css=\u00bb.vc_custom_1693821748747{background-position: 0 0;background-repeat:-repeat !important;}\u00bb][vc_column][vc_empty_space height=\u00bb12vw\u00bb][vc_column_text css=\u00bb\u00bb]<\/p>\n<h1 style=\"text-align: center;\">Productora audiovisual<\/h1>\n<p>[\/vc_column_text][vc_empty_space height=\u00bb7vw\u00bb][\/vc_column][\/vc_row][vc_row full_width=\u00bbstretch_row\u00bb css=\u00bb.vc_custom_1746466262583{background-color: #FFFFFF99 !important;}\u00bb][vc_column el_class=\u00bbtextnegre\u00bb][vc_row_inner][vc_column_inner][vc_column_text css=\u00bb\u00bb]<\/p>\n<h2 style=\"text-align: center;\">Cooperativa con valores y m\u00e1s de 10 a\u00f1os de experiencia<\/h2>\n<p style=\"text-align: center;\">En Claraboia ofrecemos servicios de comunicaci\u00f3n, audiovisuales y multimedia con m\u00e1s de 10 a\u00f1os de experiencia como cooperativa y cerca de 20 de trayectoria de sus socias. Trabajamos con criterios de calidad y valores como la autoayuda, la responsabilidad, la democracia, la igualdad, la equidad y la solidaridad, dentro del marco de la Econom\u00eda Social y Solidaria, fomentando la intercooperaci\u00f3n y el consumo responsable en el Mercado Social Catal\u00e1n.<\/p>\n<p>[\/vc_column_text][\/vc_column_inner][\/vc_row_inner][\/vc_column][\/vc_row][vc_row css=\u00bb.vc_custom_1746467802861{margin-top: 2rem !important;}\u00bb][vc_column][vc_column_text css=\u00bb\u00bb]<\/p>\n<h2 style=\"text-align: center;\">Servicios<\/h2>\n<p>[\/vc_column_text][\/vc_column][\/vc_row][vc_row full_width=\u00bbstretch_row_content\u00bb][vc_column width=\u00bb2\/12&#8243;][vc_single_image image=\u00bb9499&#8243; img_size=\u00bbfull\u00bb alignment=\u00bbcenter\u00bb style=\u00bbvc_box_circle_2&#8243; css=\u00bb\u00bb][\/vc_column][vc_column width=\u00bb4\/12&#8243;][vc_column_text css=\u00bb.vc_custom_1767813877897{margin-bottom: 0px !important;padding-top: 0px !important;}\u00bb]<\/p>\n<h3>Apoyo t\u00e9cnico<\/h3>\n<p>Profesionales de c\u00e1mara, v\u00eddeo, sonido y luces. Apoyamos a productoras, auditorios y empresas de eventos con equipos t\u00e9cnicos especializados.[\/vc_column_text][\/vc_column][vc_column width=\u00bb2\/12&#8243;][vc_single_image image=\u00bb9448&#8243; img_size=\u00bbfull\u00bb alignment=\u00bbcenter\u00bb style=\u00bbvc_box_circle_2&#8243; css=\u00bb\u00bb][\/vc_column][vc_column width=\u00bb4\/12&#8243;][vc_column_text css=\u00bb.vc_custom_1767813896348{background-position: center !important;background-repeat: no-repeat !important;background-size: cover !important;}\u00bb]<\/p>\n<h3>Grabaci\u00f3n<\/h3>\n<p>Disponemos de c\u00e1maras HD, 4K y DSLR, as\u00ed como minigr\u00faas y minitraveling. Ofrecemos opciones como grabaci\u00f3n submarina, con dron, hyperlapse y timelapse, seg\u00fan las necesidades del proyecto.[\/vc_column_text][\/vc_column][\/vc_row][vc_row full_width=\u00bbstretch_row_content\u00bb css=\u00bb.vc_custom_1759338186206{margin-bottom: 2rem !important;}\u00bb][vc_column width=\u00bb2\/12&#8243;][vc_single_image image=\u00bb9514&#8243; img_size=\u00bbfull\u00bb alignment=\u00bbcenter\u00bb style=\u00bbvc_box_circle_2&#8243; css=\u00bb\u00bb][\/vc_column][vc_column width=\u00bb4\/12&#8243;][vc_column_text css=\u00bb.vc_custom_1767813918500{margin-bottom: 0px !important;padding-top: 0px !important;}\u00bb]<\/p>\n<h3>Edici\u00f3n y postproducci\u00f3n<\/h3>\n<p>Estudio equipado con sala de edici\u00f3n para trabajar con nuestros profesionales. Tambi\u00e9n ofrecemos servicios port\u00e1tiles para editar donde sea necesario, adapt\u00e1ndonos a cada proyecto.[\/vc_column_text][\/vc_column][vc_column width=\u00bb2\/12&#8243;][vc_single_image image=\u00bb9507&#8243; img_size=\u00bbfull\u00bb alignment=\u00bbcenter\u00bb style=\u00bbvc_box_circle_2&#8243; css=\u00bb\u00bb][\/vc_column][vc_column width=\u00bb4\/12&#8243;][vc_column_text css=\u00bb.vc_custom_1767813936282{margin-bottom: 0px !important;padding-top: 0px !important;background-position: center !important;background-repeat: no-repeat !important;background-size: cover !important;}\u00bb]<\/p>\n<h3>Gr\u00e1fica animada \u00b7 Motion Graphics<\/h3>\n<p>Creaci\u00f3n de animaciones y composiciones gr\u00e1ficas para v\u00eddeos, banners, publicidad, caretas, r\u00f3tulos y v\u00eddeo-memorias, con soluciones creativas y personalizadas.[\/vc_column_text][\/vc_column][\/vc_row][vc_row full_width=\u00bbstretch_row_content\u00bb css=\u00bb.vc_custom_1759338645484{margin-bottom: 2rem !important;}\u00bb][vc_column width=\u00bb2\/12&#8243;][vc_single_image image=\u00bb9509&#8243; img_size=\u00bbfull\u00bb alignment=\u00bbcenter\u00bb style=\u00bbvc_box_circle_2&#8243; css=\u00bb\u00bb][\/vc_column][vc_column width=\u00bb4\/12&#8243;][vc_column_text css=\u00bb.vc_custom_1767813956948{margin-bottom: 0px !important;padding-top: 0px !important;background-position: center !important;background-repeat: no-repeat !important;background-size: cover !important;}\u00bb]<\/p>\n<h3>Streaming<\/h3>\n<p>Realizamos retransmisiones a medida, desde una c\u00e1mara hasta unidad m\u00f3vil. Gestionamos se\u00f1ales de audio, c\u00e1maras, presentaciones y v\u00eddeos, asegurando calidad y fiabilidad.[\/vc_column_text][vc_btn title=\u00bbM\u00e1s informaci\u00f3n\u00bb style=\u00bb3d\u00bb shape=\u00bbround\u00bb color=\u00bbsuccess\u00bb size=\u00bblg\u00bb css=\u00bb.vc_custom_1767813975111{margin-top: 1rem !important;}\u00bb link=\u00bburl:https%3A%2F%2Fwww.claraboia.coop%2Fes%2Fstreaming%2F|title:Streaming\u00bb][\/vc_column][vc_column width=\u00bb2\/12&#8243;][vc_single_image image=\u00bb9512&#8243; img_size=\u00bbfull\u00bb alignment=\u00bbcenter\u00bb style=\u00bbvc_box_circle_2&#8243; css=\u00bb\u00bb][\/vc_column][vc_column width=\u00bb4\/12&#8243;][vc_column_text css=\u00bb.vc_custom_1767813992608{margin-bottom: 0px !important;padding-top: 0px !important;}\u00bb]<\/p>\n<h3>Realizaci\u00f3n multic\u00e1mara<\/h3>\n<p>Producci\u00f3n por proyecci\u00f3n, grabaci\u00f3n y streaming con hasta 8 c\u00e1maras 4K y conectividad profesional. Nos adaptamos con infraestructuras a medida para cada proyecto.[\/vc_column_text][\/vc_column][\/vc_row][vc_row full_width=\u00bbstretch_row_content\u00bb css=\u00bb.vc_custom_1759338656103{margin-bottom: 2rem !important;}\u00bb el_id=\u00bbfoto\u00bb][vc_column width=\u00bb2\/12&#8243;][vc_single_image image=\u00bb9525&#8243; img_size=\u00bbfull\u00bb alignment=\u00bbcenter\u00bb style=\u00bbvc_box_circle_2&#8243; css=\u00bb\u00bb][\/vc_column][vc_column width=\u00bb4\/12&#8243;][vc_column_text css=\u00bb.vc_custom_1767814009960{margin-bottom: 0px !important;padding-top: 0px !important;}\u00bb]<\/p>\n<h3>Autor\u00eda DVD y Bluray<\/h3>\n<p>Nos encargamos de todo el proceso: codificaci\u00f3n de clips, dise\u00f1o y programaci\u00f3n de men\u00fas, subtitulados y duplicados en distintos formatos y acabados.[\/vc_column_text][\/vc_column][vc_column width=\u00bb2\/12&#8243;][vc_single_image image=\u00bb9522&#8243; img_size=\u00bbfull\u00bb alignment=\u00bbcenter\u00bb style=\u00bbvc_box_circle_2&#8243; css=\u00bb\u00bb][\/vc_column][vc_column width=\u00bb4\/12&#8243;][vc_column_text css=\u00bb.vc_custom_1767814024878{margin-bottom: 0px !important;padding-top: 0px !important;background-position: center !important;background-repeat: no-repeat !important;background-size: cover !important;}\u00bb el_id=\u00bbfoto\u00bb]<\/p>\n<h3>Fotograf\u00eda<\/h3>\n<p>Fotograf\u00eda de estudio y social por eventos, actos institucionales y corporativos. Capturamos momentos con calidad profesional y adaptaci\u00f3n a cada encargo.[\/vc_column_text][\/vc_column][\/vc_row][vc_row full_width=\u00bbstretch_row\u00bb css=\u00bb.vc_custom_1746466847671{padding-bottom: 1rem !important;background-color: #3BB6B97D !important;}\u00bb][vc_column][vc_column_text css=\u00bb\u00bb]<\/p>\n<h2 style=\"text-align: center;\">Productos<\/h2>\n<p>[\/vc_column_text][vc_row_inner][vc_column_inner width=\u00bb1\/2&#8243;][vc_btn title=\u00bbAftermovie \u00b7 Reportajes\u00bb style=\u00bb3d\u00bb shape=\u00bbround\u00bb color=\u00bbsuccess\u00bb size=\u00bblg\u00bb align=\u00bbcenter\u00bb i_icon_fontawesome=\u00bbfa fa-solid fa-file-video\u00bb css=\u00bb\u00bb button_block=\u00bbtrue\u00bb add_icon=\u00bbtrue\u00bb link=\u00bburl:https%3A%2F%2Fwww.claraboia.coop%2Fes%2Faftermovie%2F|title:Aftermovie%20%2F%20Reportajes\u00bb][\/vc_column_inner][vc_column_inner width=\u00bb1\/2&#8243;][vc_btn title=\u00bbStreaming\u00bb style=\u00bb3d\u00bb shape=\u00bbround\u00bb color=\u00bbsuccess\u00bb size=\u00bblg\u00bb align=\u00bbcenter\u00bb i_icon_fontawesome=\u00bbfa fa-solid fa-wifi\u00bb css=\u00bb\u00bb button_block=\u00bbtrue\u00bb add_icon=\u00bbtrue\u00bb link=\u00bburl:https%3A%2F%2Fwww.claraboia.coop%2Fes%2Fstreaming%2F|title:Streaming\u00bb][\/vc_column_inner][\/vc_row_inner][\/vc_column][\/vc_row]<\/p>\n<\/div>","protected":false},"excerpt":{"rendered":"<p>[vc_row full_width=\u00bbstretch_row\u00bb parallax=\u00bbcontent-moving-fade\u00bb parallax_image=\u00bb5661&#8243; css=\u00bb.vc_custom_1693821748747{background-position: 0 0;background-repeat:-repeat !important;}\u00bb][vc_column][vc_empty_space height=\u00bb12vw\u00bb][vc_column_text css=\u00bb\u00bb] Productora audiovisual [\/vc_column_text][vc_empty_space height=\u00bb7vw\u00bb][\/vc_column][\/vc_row][vc_row full_width=\u00bbstretch_row\u00bb css=\u00bb.vc_custom_1746466262583{background-color: #FFFFFF99 !important;}\u00bb][vc_column el_class=\u00bbtextnegre\u00bb][vc_row_inner][vc_column_inner][vc_column_text css=\u00bb\u00bb] Cooperativa con valores y m\u00e1s de 10 a\u00f1os de experiencia En Claraboia ofrecemos servicios de comunicaci\u00f3n, audiovisuales y multimedia con m\u00e1s de 10 a\u00f1os de experiencia como cooperativa y cerca de 20 de trayectoria de&hellip;<\/p>\n","protected":false},"author":1,"featured_media":0,"parent":0,"menu_order":0,"comment_status":"closed","ping_status":"closed","template":"","meta":{"_acf_changed":false,"footnotes":""},"class_list":["post-6946","page","type-page","status-publish","hentry"],"acf":[],"_links":{"self":[{"href":"https:\/\/www.claraboia.coop\/es\/wp-json\/wp\/v2\/pages\/6946","targetHints":{"allow":["GET"]}}],"collection":[{"href":"https:\/\/www.claraboia.coop\/es\/wp-json\/wp\/v2\/pages"}],"about":[{"href":"https:\/\/www.claraboia.coop\/es\/wp-json\/wp\/v2\/types\/page"}],"author":[{"embeddable":true,"href":"https:\/\/www.claraboia.coop\/es\/wp-json\/wp\/v2\/users\/1"}],"replies":[{"embeddable":true,"href":"https:\/\/www.claraboia.coop\/es\/wp-json\/wp\/v2\/comments?post=6946"}],"version-history":[{"count":0,"href":"https:\/\/www.claraboia.coop\/es\/wp-json\/wp\/v2\/pages\/6946\/revisions"}],"wp:attachment":[{"href":"https:\/\/www.claraboia.coop\/es\/wp-json\/wp\/v2\/media?parent=6946"}],"curies":[{"name":"wp","href":"https:\/\/api.w.org\/{rel}","templated":true}]}}