{"id":8175,"date":"2023-11-08T10:43:28","date_gmt":"2023-11-08T10:43:28","guid":{"rendered":"https:\/\/www.claraboia.coop\/avis-legal\/"},"modified":"2023-11-08T11:34:56","modified_gmt":"2023-11-08T11:34:56","slug":"aviso-legal","status":"publish","type":"page","link":"https:\/\/www.claraboia.coop\/es\/aviso-legal\/","title":{"rendered":"Av\u00eds Legal, Pol\u00edtica de privacidad y redes sociales"},"content":{"rendered":"<div class=\"wpb-content-wrapper\"><p>[vc_row full_width=\u00bbstretch_row\u00bb parallax=\u00bbcontent-moving-fade\u00bb parallax_image=\u00bb5661&#8243; css=\u00bb.vc_custom_1693821748747{background-position: 0 0;background-repeat:-repeat !important;}\u00bb][vc_column][vc_empty_space height=\u00bb25vw\u00bb][\/vc_column][\/vc_row][vc_row full_width=\u00bbstretch_row\u00bb css=\u00bb.vc_custom_1548677316299{background-image: url(https:\/\/www.claraboia.coop\/wp-content\/uploads\/2019\/01\/back.jpg?id=4281) !important;}\u00bb][vc_column el_class=\u00bbtextnegre\u00bb][vc_row_inner][vc_column_inner width=\u00bb2\/3&#8243;][vc_column_text]<\/p>\n<h1>Pol\u00edtica de privacidad<\/h1>\n<p>&nbsp;<\/p>\n<p>En CLARABOIA AUDIOVISUAL SCCL, en adelante \u00abCLARABOIA\u00bb, entendemos la importancia de proteger su privacidad e informaci\u00f3n personal. Esta pol\u00edtica de privacidad describe c\u00f3mo recopilamos, utilizamos y protegemos su informaci\u00f3n personal cuando utiliza nuestros servicios online.<\/p>\n<p><strong>Recopilaci\u00f3n de informaci\u00f3n<\/strong><br \/>\nCuando utiliza nuestros servicios, podemos recopilar informaci\u00f3n personal que nos proporcione, como nombre, direcci\u00f3n de correo electr\u00f3nico, direcci\u00f3n postal y n\u00famero de tel\u00e9fono. Tambi\u00e9n podemos recopilar informaci\u00f3n sobre el uso de nuestros servicios, incluida la direcci\u00f3n IP, el tipo de dispositivo que utiliza y la ubicaci\u00f3n geogr\u00e1fica.<\/p>\n<p><strong>Uso de la informaci\u00f3n<\/strong><br \/>\nUtilizamos su informaci\u00f3n personal para proporcionarle nuestros servicios y para mejorar la experiencia en nuestra web. Tambi\u00e9n podemos utilizar la informaci\u00f3n para enviar actualizaciones y ofertas especiales sobre nuestros productos y servicios. Nunca compartiremos su informaci\u00f3n personal con terceros sin su consentimiento expl\u00edcito.<\/p>\n<p><strong>Protecci\u00f3n de la informaci\u00f3n<\/strong><br \/>\nMantenemos medidas de seguridad t\u00e9cnicas y organizativas para proteger su informaci\u00f3n personal contra el acceso no autorizado, la p\u00e9rdida, el uso indebido y la divulgaci\u00f3n. Adem\u00e1s seguimos las leyes aplicables sobre protecci\u00f3n de datos para garantizar que su informaci\u00f3n personal est\u00e9 protegida.<\/p>\n<p><strong>Enlaces externos<\/strong><br \/>\nNuestra web puede incluir enlaces a sitios web de terceros. No somos responsables de la pol\u00edtica de privacidad o el contenido de estos sitios web, por lo que le recomendamos que lea detenidamente sus pol\u00edticas antes de utilizarlas.<\/p>\n<p><strong>Cambios en la pol\u00edtica de privacidad<\/strong><br \/>\nPodemos actualizar esta pol\u00edtica de privacidad en cualquier momento. Notificaremos cualquier cambio importante publicando una versi\u00f3n actualizada en nuestra web y mediante un aviso en la p\u00e1gina de inicio de nuestro sitio web. Si no est\u00e1 de acuerdo con los cambios en la pol\u00edtica de privacidad, le recomendamos que deje de utilizar nuestros servicios.<\/p>\n<p><strong>Contacto<\/strong><br \/>\nSi tiene alguna pregunta o comentario sobre nuestra pol\u00edtica de privacidad, puede dirigirse a nosotros mediante cualquier canal de contacto de nuestra web.[\/vc_column_text][vc_separator][vc_column_text]<\/p>\n<h1>Aviso legal<\/h1>\n<p>&nbsp;<\/p>\n<p>El presente aviso legal regula el acceso y uso del sitio web claraboia.coop, en adelante \u00abel sitio web\u00bb, propiedad de CLARABOIA AUDIOVISUAL SCCL, con domicilio en Calle Dami\u00e0 Campeny, 22, 08301 Matar\u00f3.<\/p>\n<p><strong>Condiciones de uso<\/strong><br \/>\nEl acceso y uso del sitio web implica la aceptaci\u00f3n plena y sin reservas de estas condiciones de uso. La usuaria se compromete a hacer un uso adecuado y l\u00edcito del sitio web ya no utilizarlo para fines il\u00edcitos, contrarios a la ley, a la moral ya las buenas costumbres, as\u00ed como a no causar da\u00f1os o perjuicios a terceras.<\/p>\n<p><strong>Propiedad intelectual e industrial<\/strong><br \/>\nEl contenido del sitio web, entendiendo por contenido a t\u00edtulo enunciativo, los textos, im\u00e1genes, gr\u00e1ficos, iconos, tecnolog\u00eda, software, enlaces y otros contenidos audiovisuales o sonoros, as\u00ed como su dise\u00f1o gr\u00e1fico y c\u00f3digos fuente, son propiedad exclusiva de CLARABOIA o de terceros, sin que puedan entenderse cedidos a la usuaria, en virtud de lo dispuesto en este aviso legal, ning\u00fan derecho de explotaci\u00f3n sobre los mismos m\u00e1s all\u00e1 de lo estrictamente necesario para el correcto uso del sitio web.<\/p>\n<p><strong>Responsabilidad<\/strong><br \/>\nCLARABOIA no se hace responsable de los da\u00f1os y perjuicios que pudieran derivarse del uso del sitio web, incluido sin limitaci\u00f3n, los causados por virus inform\u00e1ticos, interrupciones, errores, omisiones, retrasos o fallos en la transmisi\u00f3n de informaci\u00f3n, o por cualquier actuaci\u00f3n de terceras ajena a nuestra voluntad.<\/p>\n<p><strong>Enlaces externos<\/strong><br \/>\nEl sitio web puede incluir enlaces a sitios web de terceros. CLARABOIA no se responsabiliza por el contenido de estos sitios web, ni por cualquier da\u00f1o o perjuicio que pudiera derivarse del acceso a los mismos.<\/p>\n<p><strong>Modificaciones y actualizaciones<\/strong><br \/>\nCLARABOIA se reserva el derecho a modificar y actualizar el sitio web y sus condiciones de uso en cualquier momento y sin previo aviso.<\/p>\n<p><strong>Legislaci\u00f3n aplicable y jurisdicci\u00f3n<\/strong><br \/>\nLa legislaci\u00f3n aplicable al presente aviso legal ser\u00e1 la espa\u00f1ola, y para cualquier controversia que pudiera derivarse del acceso o uso del sitio web, las partes se someten a los Juzgados y Tribunales de Matar\u00f3.<\/p>\n<p><strong>Contacto<\/strong><br \/>\nSi tiene alguna pregunta o comentario sobre este aviso legal, puede dirigirse a nosotros mediante cualquier canal de contacto de nuestra web.[\/vc_column_text][vc_separator][vc_column_text]<\/p>\n<h1>Pol\u00edtica de redes sociales<\/h1>\n<p>&nbsp;<\/p>\n<p>En CLARABOIA utilizamos las redes sociales para compartir informaci\u00f3n y mantener una comunicaci\u00f3n abierta con nuestras clientes, seguidoras y usuarias en general. A continuaci\u00f3n, describimos las normas que regimos en el uso de nuestras cuentas en redes sociales:<\/p>\n<p><strong>Comportamiento adecuado:<\/strong> Al interactuar con nuestras cuentas en redes sociales, esperamos que todas las usuarias mantengan un comportamiento adecuado y respetuoso, sin utilizar un lenguaje ofensivo o discriminatorio, o publicar contenido inadecuado o ilegal.<\/p>\n<p><strong>Propiedad intelectual:<\/strong> Las publicaciones en nuestras cuentas de redes sociales, incluidos textos, im\u00e1genes, v\u00eddeos y otros contenidos, son propiedad de CLARABOIA o de terceros con autorizaci\u00f3n, y no pueden ser empleados sin el consentimiento expreso de las propietarias.<\/p>\n<p><strong>Privacidad:<\/strong> Se recomienda a las usuarias no compartir informaci\u00f3n personal en p\u00fablico a trav\u00e9s de las redes sociales, ya que \u00e9sta podr\u00eda ser <span class=\"hiddenGreenError\">empleada<\/span> por terceras de forma inadecuada . En CLARABOIA no solicitamos informaci\u00f3n personal por estas v\u00edas.<\/p>\n<p><strong>Derecho a eliminar contenidos<\/strong>: Nos reservamos el derecho de eliminar cualquier contenido que no cumpla con nuestras normas de comportamiento adecuado o que infrinja cualquier ley o normativa aplicable.<br \/>\n<strong><br \/>\nDerecho a bloquear usuarias: <\/strong>En caso de que una usuaria incumpla nuestras normas de comportamiento adecuado, nos reservamos el derecho a bloquear su acceso a nuestras cuentas en redes sociales.<\/p>\n<p><strong>Respuestas y atenci\u00f3n a las clientes:<\/strong> En CLARABOIA nos esforzamos por responder a todas las preguntas y consultas recibidas a trav\u00e9s de nuestras cuentas en redes sociales lo antes posible, aunque no podemos garantizar una respuesta inmediata en todo momento.<\/p>\n<p><strong>Comentarios de terceras:<\/strong> Los comentarios, opiniones y enlaces compartidos por terceras en nuestras cuentas en redes sociales no reflejan necesariamente la postura de CLARABOIA. Sin embargo, nos comprometemos a moderar y eliminar cualquier contenido que infrinja nuestras normas de comportamiento adecuado.<\/p>\n<p>En definitiva, en CLARABOIA valoramos la comunicaci\u00f3n abierta y respetuosa en nuestras cuentas en redes sociales, y esperamos que todas las usuarias respeten estas normas para mantener un ambiente seguro y constructivo. Si tienes alguna cuesti\u00f3n o consulta sobre nuestra pol\u00edtica de uso de redes sociales, no dudes en contactar con nosotros.[\/vc_column_text][vc_separator][\/vc_column_inner][vc_column_inner width=\u00bb1\/3&#8243;][\/vc_column_inner][\/vc_row_inner][\/vc_column][\/vc_row]<\/p>\n<\/div>","protected":false},"excerpt":{"rendered":"<p>[vc_row full_width=\u00bbstretch_row\u00bb parallax=\u00bbcontent-moving-fade\u00bb parallax_image=\u00bb5661&#8243; css=\u00bb.vc_custom_1693821748747{background-position: 0 0;background-repeat:-repeat !important;}\u00bb][vc_column][vc_empty_space height=\u00bb25vw\u00bb][\/vc_column][\/vc_row][vc_row full_width=\u00bbstretch_row\u00bb css=\u00bb.vc_custom_1548677316299{background-image: url(https:\/\/www.claraboia.coop\/wp-content\/uploads\/2019\/01\/back.jpg?id=4281) !important;}\u00bb][vc_column el_class=\u00bbtextnegre\u00bb][vc_row_inner][vc_column_inner width=\u00bb2\/3&#8243;][vc_column_text] Pol\u00edtica de privacidad &nbsp; En CLARABOIA AUDIOVISUAL SCCL, en adelante \u00abCLARABOIA\u00bb, entendemos la importancia de proteger su privacidad e informaci\u00f3n personal. Esta pol\u00edtica de privacidad describe c\u00f3mo recopilamos, utilizamos y protegemos su informaci\u00f3n personal cuando utiliza nuestros servicios online. Recopilaci\u00f3n&hellip;<\/p>\n","protected":false},"author":1,"featured_media":0,"parent":0,"menu_order":0,"comment_status":"closed","ping_status":"closed","template":"","meta":{"_acf_changed":false,"footnotes":""},"class_list":["post-8175","page","type-page","status-publish","hentry"],"acf":[],"_links":{"self":[{"href":"https:\/\/www.claraboia.coop\/es\/wp-json\/wp\/v2\/pages\/8175","targetHints":{"allow":["GET"]}}],"collection":[{"href":"https:\/\/www.claraboia.coop\/es\/wp-json\/wp\/v2\/pages"}],"about":[{"href":"https:\/\/www.claraboia.coop\/es\/wp-json\/wp\/v2\/types\/page"}],"author":[{"embeddable":true,"href":"https:\/\/www.claraboia.coop\/es\/wp-json\/wp\/v2\/users\/1"}],"replies":[{"embeddable":true,"href":"https:\/\/www.claraboia.coop\/es\/wp-json\/wp\/v2\/comments?post=8175"}],"version-history":[{"count":0,"href":"https:\/\/www.claraboia.coop\/es\/wp-json\/wp\/v2\/pages\/8175\/revisions"}],"wp:attachment":[{"href":"https:\/\/www.claraboia.coop\/es\/wp-json\/wp\/v2\/media?parent=8175"}],"curies":[{"name":"wp","href":"https:\/\/api.w.org\/{rel}","templated":true}]}}