{"id":8958,"date":"2024-09-10T10:29:12","date_gmt":"2024-09-10T10:29:12","guid":{"rendered":"https:\/\/www.claraboia.coop\/?page_id=8958"},"modified":"2026-04-18T14:31:29","modified_gmt":"2026-04-18T14:31:29","slug":"treasurefamilyapp","status":"publish","type":"page","link":"https:\/\/www.claraboia.coop\/es\/treasurefamilyapp\/","title":{"rendered":"TreaSureFamily App"},"content":{"rendered":"<div class=\"wpb-content-wrapper\"><p>[vc_row full_width=\u00bbstretch_row\u00bb content_placement=\u00bbbottom\u00bb parallax=\u00bbcontent-moving-fade\u00bb parallax_image=\u00bb8919&#8243;][vc_column][vc_empty_space height=\u00bb450px\u00bb][\/vc_column][\/vc_row][vc_row full_width=\u00bbstretch_row\u00bb css=\u00bb.vc_custom_1725960512712{border-top-width: 1px !important;border-bottom-width: 1px !important;background-color: #e0af99 !important;}\u00bb][vc_column][vc_column_text css=\u00bb\u00bb]<div class=\"cb-video horizontal\" style=\"position:relative;padding-bottom:56.25%;height:0;\">\n                    <iframe\n                        src=\"https:\/\/player.vimeo.com\/video\/1006908058?autoplay=0\"\n                        style=\"position:absolute;top:0;left:0;width:100%;height:100%;\"\n                        frameborder=\"0\"\n                        allowfullscreen>\n                    <\/iframe>\n                <\/div>[\/vc_column_text][\/vc_column][\/vc_row][vc_row full_width=\u00bbstretch_row\u00bb css=\u00bb.vc_custom_1725961291680{border-top-width: 1px !important;border-bottom-width: 1px !important;background-color: #f8db78 !important;}\u00bb][vc_column el_class=\u00bbtextnegre\u00bb][vc_row_inner][vc_column_inner width=\u00bb3\/4&#8243;][vc_column_text]Fruto de la colaboraci\u00f3n entre las cooperativas BaulaCreix SCCL, Deltacoop SCCL y Magroc, todas miembros de la Sectorial de Iniciativa Social de la Federaci\u00f3n de Cooperativas de Trabajo, junto con la cooperativa tecnol\u00f3gica Jamgo y Claraboia, hemos creado la aplicaci\u00f3n m\u00f3vil <strong>TreaSureFamily App<\/strong>.<\/p>\n<p>Esta aplicaci\u00f3n ofrece una experiencia creativa y de ocio dise\u00f1ada para apoyar en las primeras etapas de la crianza y fortalecer los v\u00ednculos familiares. A trav\u00e9s de una din\u00e1mica de gamificaci\u00f3n, los tutores acompa\u00f1ar\u00e1n a los ni\u00f1os en un viaje por varias islas, donde tendr\u00e1n que superar retos y seguir un mapa que les llevar\u00e1 a un tesoro: el tiempo de calidad compartido.<\/p>\n<p>La aplicaci\u00f3n incluye cerca de 2.000 juegos y desaf\u00edos con soporte fotogr\u00e1fico y audiovisual desarrollado por Claraboia. Estas actividades son asequibles y accesibles, ya que est\u00e1n dise\u00f1adas para realizarse con materiales cotidianos y reciclables.<\/p>\n<p>Detr\u00e1s de <strong>TreaSureFamily<\/strong> existe un equipo de quince profesionales de la psicolog\u00eda, fisioterapia, logopedia y otras disciplinas relacionadas con la atenci\u00f3n a la primera infancia. Estas expertas han desarrollado talleres tem\u00e1ticos para los tutores, abordando aspectos fundamentales de las primeras etapas de los ni\u00f1os, como la alimentaci\u00f3n, lactancia, el sue\u00f1o, el juego y el uso de pantallas.[\/vc_column_text][vc_separator][vc_column_text]<\/p>\n<h3 style=\"text-align: left;\">\u00a1Desc\u00e1rgate la app gratuita!<\/h3>\n<p>[\/vc_column_text][vc_btn title=\u00bbGoogle Play\u00bb color=\u00bbjuicy-pink\u00bb i_icon_fontawesome=\u00bbfas fa-play\u00bb add_icon=\u00bbtrue\u00bb link=\u00bburl:https%3A%2F%2Fplay.google.com%2Fstore%2Fapps%2Fdetails%3Fid%3Dcom.featureFamilyApp|title:Google%20Play\u00bb][vc_btn title=\u00bbApple Store\u00bb color=\u00bbjuicy-pink\u00bb i_icon_fontawesome=\u00bbfab fa-apple\u00bb css=\u00bb.vc_custom_1725963737052{margin-left: 10px !important;}\u00bb add_icon=\u00bbtrue\u00bb link=\u00bburl:https%3A%2F%2Fapps.apple.com%2Fus%2Fapp%2Ftreasurefamilyapp%2Fid6448982705|title:App%20Store\u00bb][\/vc_column_inner][vc_column_inner width=\u00bb1\/4&#8243;][vc_single_image image=\u00bb8938&#8243; img_size=\u00bbfull\u00bb alignment=\u00bbcenter\u00bb][vc_single_image image=\u00bb8929&#8243; img_size=\u00bbfull\u00bb alignment=\u00bbcenter\u00bb][vc_single_image image=\u00bb8933&#8243; img_size=\u00bbfull\u00bb alignment=\u00bbcenter\u00bb][vc_single_image image=\u00bb8948&#8243; img_size=\u00bbfull\u00bb alignment=\u00bbcenter\u00bb][vc_column_text]<\/p>\n<p style=\"text-align: center;\">Promou<\/p>\n<p>[\/vc_column_text][vc_single_image image=\u00bb8942&#8243; img_size=\u00bbfull\u00bb alignment=\u00bbcenter\u00bb][vc_single_image image=\u00bb8945&#8243; img_size=\u00bbfull\u00bb alignment=\u00bbcenter\u00bb][vc_column_text]<\/p>\n<p style=\"text-align: center;\">Finan\u00e7a<\/p>\n<p>[\/vc_column_text][vc_single_image image=\u00bb8950&#8243; img_size=\u00bbfull\u00bb alignment=\u00bbcenter\u00bb][\/vc_column_inner][\/vc_row_inner][\/vc_column][\/vc_row]<\/p>\n<\/div>","protected":false},"excerpt":{"rendered":"<p>[vc_row full_width=\u00bbstretch_row\u00bb content_placement=\u00bbbottom\u00bb parallax=\u00bbcontent-moving-fade\u00bb parallax_image=\u00bb8919&#8243;][vc_column][vc_empty_space height=\u00bb450px\u00bb][\/vc_column][\/vc_row][vc_row full_width=\u00bbstretch_row\u00bb css=\u00bb.vc_custom_1725960512712{border-top-width: 1px !important;border-bottom-width: 1px !important;background-color: #e0af99 !important;}\u00bb][vc_column][vc_column_text css=\u00bb\u00bb][\/vc_column_text][\/vc_column][\/vc_row][vc_row full_width=\u00bbstretch_row\u00bb css=\u00bb.vc_custom_1725961291680{border-top-width: 1px !important;border-bottom-width: 1px !important;background-color: #f8db78 !important;}\u00bb][vc_column el_class=\u00bbtextnegre\u00bb][vc_row_inner][vc_column_inner width=\u00bb3\/4&#8243;][vc_column_text]Fruto de la colaboraci\u00f3n entre las cooperativas BaulaCreix SCCL, Deltacoop SCCL y Magroc, todas miembros de la Sectorial de Iniciativa Social de la Federaci\u00f3n de Cooperativas de Trabajo, junto con la&hellip;<\/p>\n","protected":false},"author":1,"featured_media":0,"parent":0,"menu_order":0,"comment_status":"closed","ping_status":"closed","template":"","meta":{"_acf_changed":false,"footnotes":""},"class_list":["post-8958","page","type-page","status-publish","hentry"],"acf":[],"_links":{"self":[{"href":"https:\/\/www.claraboia.coop\/es\/wp-json\/wp\/v2\/pages\/8958","targetHints":{"allow":["GET"]}}],"collection":[{"href":"https:\/\/www.claraboia.coop\/es\/wp-json\/wp\/v2\/pages"}],"about":[{"href":"https:\/\/www.claraboia.coop\/es\/wp-json\/wp\/v2\/types\/page"}],"author":[{"embeddable":true,"href":"https:\/\/www.claraboia.coop\/es\/wp-json\/wp\/v2\/users\/1"}],"replies":[{"embeddable":true,"href":"https:\/\/www.claraboia.coop\/es\/wp-json\/wp\/v2\/comments?post=8958"}],"version-history":[{"count":1,"href":"https:\/\/www.claraboia.coop\/es\/wp-json\/wp\/v2\/pages\/8958\/revisions"}],"predecessor-version":[{"id":11561,"href":"https:\/\/www.claraboia.coop\/es\/wp-json\/wp\/v2\/pages\/8958\/revisions\/11561"}],"wp:attachment":[{"href":"https:\/\/www.claraboia.coop\/es\/wp-json\/wp\/v2\/media?parent=8958"}],"curies":[{"name":"wp","href":"https:\/\/api.w.org\/{rel}","templated":true}]}}